{"id":3369,"date":"2026-03-03T15:24:51","date_gmt":"2026-03-03T18:24:51","guid":{"rendered":"https:\/\/www.jatunmayo.com\/viagens-e-passeios\/"},"modified":"2026-05-06T15:07:26","modified_gmt":"2026-05-06T19:07:26","slug":"viagens-e-passeios","status":"publish","type":"page","link":"https:\/\/www.jatunmayo.com\/pt-br\/viagens-e-passeios\/","title":{"rendered":"Viagens e Passeios"},"content":{"rendered":"\t\t<div data-elementor-type=\"wp-page\" data-elementor-id=\"3369\" class=\"elementor elementor-3369 elementor-2772\" data-elementor-post-type=\"page\">\n\t\t\t\t<div class=\"elementor-element elementor-element-1642065 e-flex e-con-boxed e-con e-parent\" data-id=\"1642065\" data-element_type=\"container\" data-e-type=\"container\">\n\t\t\t\t\t<div class=\"e-con-inner\">\n\t\t\t\t<div class=\"elementor-element elementor-element-a978843 elementor-widget elementor-widget-heading\" data-id=\"a978843\" data-element_type=\"widget\" data-e-type=\"widget\" data-widget_type=\"heading.default\">\n\t\t\t\t\t<h1 class=\"elementor-heading-title elementor-size-default\">Tr\u00eas formas de viver San Pedro de Atacama, de acordo com o seu estilo e or\u00e7amento<\/h1>\t\t\t\t<\/div>\n\t\t\t\t\t<\/div>\n\t\t\t\t<\/div>\n\t\t<div class=\"elementor-element elementor-element-49ab034 e-flex e-con-boxed e-con e-parent\" data-id=\"49ab034\" data-element_type=\"container\" data-e-type=\"container\">\n\t\t\t\t\t<div class=\"e-con-inner\">\n\t\t\t\t<div class=\"elementor-element elementor-element-d3b62ce elementor-widget elementor-widget-text-editor\" data-id=\"d3b62ce\" data-element_type=\"widget\" data-e-type=\"widget\" data-widget_type=\"text-editor.default\">\n\t\t\t\t\t\t\t\t\t<p>Em San Pedro de Atacama, n\u00e3o existe uma \u00fanica forma de viajar bem: existe a forma que combina com voc\u00ea.<br>Por isso, criamos 3 maneiras de viver o deserto, de acordo com seu estilo, seu ritmo e seu or\u00e7amento.<br>Se voc\u00ea quer algo totalmente personalizado, criamos com voc\u00ea uma viagem privada sob medida, cuidando de cada detalhe para que possa aproveitar sem estresse.<br>Se prefere compartilhar a experi\u00eancia, voc\u00ea pode escolher uma viagem em grupo pequeno privado, com um grupo bem cuidado, ritmo humano e sem turismo de massa.<br>E se busca algo mais simples e acess\u00edvel, tamb\u00e9m temos passeios cl\u00e1ssicos para conhecer os lugares imperd\u00edveis de San Pedro de Atacama de forma confort\u00e1vel, segura e com bom pre\u00e7o.<br>Escolha a sua forma de viajar\u2026 e n\u00f3s cuidamos para que a experi\u00eancia realmente valha a pena.     <\/p>\t\t\t\t\t\t\t\t<\/div>\n\t\t\t\t\t<\/div>\n\t\t\t\t<\/div>\n\t\t<div class=\"elementor-element elementor-element-eea326a e-flex e-con-boxed e-con e-parent\" data-id=\"eea326a\" data-element_type=\"container\" data-e-type=\"container\">\n\t\t\t\t\t<div class=\"e-con-inner\">\n\t\t\t\t<div class=\"elementor-element elementor-element-e7c8b27 elementor-cta--skin-classic elementor-animated-content elementor-bg-transform elementor-bg-transform-zoom-in elementor-widget elementor-widget-call-to-action\" data-id=\"e7c8b27\" data-element_type=\"widget\" data-e-type=\"widget\" data-widget_type=\"call-to-action.default\">\n\t\t\t\t\t\t\t<a class=\"elementor-cta\" href=\"https:\/\/www.jatunmayo.com\/br\/viagens-privadas-de-autor\/\">\n\t\t\t\t\t<div class=\"elementor-cta__bg-wrapper\">\n\t\t\t\t<div class=\"elementor-cta__bg elementor-bg\" style=\"background-image: url(https:\/\/www.jatunmayo.com\/wp-content\/uploads\/scenic-view-rock-formation-against-clear-blue-sky-scaled.webp);\" role=\"img\" aria-label=\"Deserto do Atacama\"><\/div>\n\t\t\t\t<div class=\"elementor-cta__bg-overlay\"><\/div>\n\t\t\t<\/div>\n\t\t\t\t\t\t\t<div class=\"elementor-cta__content\">\n\t\t\t\t\n\t\t\t\t\t\t\t\t\t<h2 class=\"elementor-cta__title elementor-cta__content-item elementor-content-item\">\n\t\t\t\t\t\tViagem Privada Sob Medida\t\t\t\t\t<\/h2>\n\t\t\t\t\n\t\t\t\t\t\t\t\t\t<div class=\"elementor-cta__description elementor-cta__content-item elementor-content-item\">\n\t\t\t\t\t\tAlto valor, personalizada.\t\t\t\t\t<\/div>\n\t\t\t\t\n\t\t\t\t\t\t\t\t\t<div class=\"elementor-cta__button-wrapper elementor-cta__content-item elementor-content-item \">\n\t\t\t\t\t<span class=\"elementor-cta__button elementor-button elementor-size-\">\n\t\t\t\t\t\tEntre e veja como funciona\t\t\t\t\t<\/span>\n\t\t\t\t\t<\/div>\n\t\t\t\t\t\t\t<\/div>\n\t\t\t\t\t\t\t<div class=\"elementor-ribbon\">\n\t\t\t\t<div class=\"elementor-ribbon-inner\">\n\t\t\t\t\tExclusividade\t\t\t\t<\/div>\n\t\t\t<\/div>\n\t\t\t\t<\/a>\n\t\t\t\t\t\t<\/div>\n\t\t\t\t\t<\/div>\n\t\t\t\t<\/div>\n\t\t<div class=\"elementor-element elementor-element-f62d898 e-flex e-con-boxed e-con e-parent\" data-id=\"f62d898\" data-element_type=\"container\" data-e-type=\"container\">\n\t\t\t\t\t<div class=\"e-con-inner\">\n\t\t\t\t<div class=\"elementor-element elementor-element-fa6bde5 elementor-cta--skin-classic elementor-animated-content elementor-bg-transform elementor-bg-transform-zoom-in elementor-widget elementor-widget-call-to-action\" data-id=\"fa6bde5\" data-element_type=\"widget\" data-e-type=\"widget\" data-widget_type=\"call-to-action.default\">\n\t\t\t\t\t\t\t<a class=\"elementor-cta\" href=\"https:\/\/www.jatunmayo.com\/br\/viagens-em-pequenos-grupos\/\">\n\t\t\t\t\t<div class=\"elementor-cta__bg-wrapper\">\n\t\t\t\t<div class=\"elementor-cta__bg elementor-bg\" style=\"background-image: url(https:\/\/www.jatunmayo.com\/wp-content\/uploads\/Personas-en-el-desierto-1024x683.webp);\" role=\"img\" aria-label=\"pessoas no deserto\"><\/div>\n\t\t\t\t<div class=\"elementor-cta__bg-overlay\"><\/div>\n\t\t\t<\/div>\n\t\t\t\t\t\t\t<div class=\"elementor-cta__content\">\n\t\t\t\t\n\t\t\t\t\t\t\t\t\t<h2 class=\"elementor-cta__title elementor-cta__content-item elementor-content-item\">\n\t\t\t\t\t\tViagem em Grupo Pequeno\t\t\t\t\t<\/h2>\n\t\t\t\t\n\t\t\t\t\t\t\t\t\t<div class=\"elementor-cta__description elementor-cta__content-item elementor-content-item\">\n\t\t\t\t\t\tGrupo de 6 a 12 pessoas.\t\t\t\t\t<\/div>\n\t\t\t\t\n\t\t\t\t\t\t\t\t\t<div class=\"elementor-cta__button-wrapper elementor-cta__content-item elementor-content-item \">\n\t\t\t\t\t<span class=\"elementor-cta__button elementor-button elementor-size-\">\n\t\t\t\t\t\tEntre e veja como funciona\t\t\t\t\t<\/span>\n\t\t\t\t\t<\/div>\n\t\t\t\t\t\t\t<\/div>\n\t\t\t\t\t\t\t<div class=\"elementor-ribbon\">\n\t\t\t\t<div class=\"elementor-ribbon-inner\">\n\t\t\t\t\tExclusividade\t\t\t\t<\/div>\n\t\t\t<\/div>\n\t\t\t\t<\/a>\n\t\t\t\t\t\t<\/div>\n\t\t\t\t\t<\/div>\n\t\t\t\t<\/div>\n\t\t<div class=\"elementor-element elementor-element-44db3cb e-flex e-con-boxed e-con e-parent\" data-id=\"44db3cb\" data-element_type=\"container\" data-e-type=\"container\">\n\t\t\t\t\t<div class=\"e-con-inner\">\n\t\t\t\t<div class=\"elementor-element elementor-element-9deea45 elementor-cta--skin-classic elementor-animated-content elementor-bg-transform elementor-bg-transform-zoom-in elementor-widget elementor-widget-call-to-action\" data-id=\"9deea45\" data-element_type=\"widget\" data-e-type=\"widget\" data-widget_type=\"call-to-action.default\">\n\t\t\t\t\t\t\t<div class=\"elementor-cta\">\n\t\t\t\t\t<div class=\"elementor-cta__bg-wrapper\">\n\t\t\t\t<div class=\"elementor-cta__bg elementor-bg\" style=\"background-image: url(https:\/\/www.jatunmayo.com\/wp-content\/uploads\/26903520.webp);\" role=\"img\" aria-label=\"Deserto do Atacama\"><\/div>\n\t\t\t\t<div class=\"elementor-cta__bg-overlay\"><\/div>\n\t\t\t<\/div>\n\t\t\t\t\t\t\t<div class=\"elementor-cta__content\">\n\t\t\t\t\n\t\t\t\t\t\t\t\t\t<h2 class=\"elementor-cta__title elementor-cta__content-item elementor-content-item\">\n\t\t\t\t\t\tPasseios Cl\u00e1ssicos\t\t\t\t\t<\/h2>\n\t\t\t\t\n\t\t\t\t\t\t\t\t\t<div class=\"elementor-cta__description elementor-cta__content-item elementor-content-item\">\n\t\t\t\t\t\tAcess\u00edveis, econ\u00f4micos e sem exclusividade\t\t\t\t\t<\/div>\n\t\t\t\t\n\t\t\t\t\t\t\t\t\t<div class=\"elementor-cta__button-wrapper elementor-cta__content-item elementor-content-item \">\n\t\t\t\t\t<a class=\"elementor-cta__button elementor-button elementor-size-\" href=\"https:\/\/www.jatunmayo.com\/pt-br\/passeios-classicos-em-san-pedro-de-atacama-jatun-mayo\/\">\n\t\t\t\t\t\tEntre e veja como funciona\t\t\t\t\t<\/a>\n\t\t\t\t\t<\/div>\n\t\t\t\t\t\t\t<\/div>\n\t\t\t\t\t\t\t<div class=\"elementor-ribbon\">\n\t\t\t\t<div class=\"elementor-ribbon-inner\">\n\t\t\t\t\tEcon\u00f4mico\t\t\t\t<\/div>\n\t\t\t<\/div>\n\t\t\t\t<\/div>\n\t\t\t\t\t\t<\/div>\n\t\t\t\t\t<\/div>\n\t\t\t\t<\/div>\n\t\t<div class=\"elementor-element elementor-element-0219680 e-flex e-con-boxed e-con e-parent\" data-id=\"0219680\" data-element_type=\"container\" data-e-type=\"container\">\n\t\t\t\t\t<div class=\"e-con-inner\">\n\t\t\t\t<div class=\"elementor-element elementor-element-adf5af4 elementor-widget elementor-widget-heading\" data-id=\"adf5af4\" data-element_type=\"widget\" data-e-type=\"widget\" data-widget_type=\"heading.default\">\n\t\t\t\t\t<h2 class=\"elementor-heading-title elementor-size-default\">Sua tranquilidade vem com isso<\/h2>\t\t\t\t<\/div>\n\t\t\t\t<div class=\"elementor-element elementor-element-ae7880a elementor-widget elementor-widget-text-editor\" data-id=\"ae7880a\" data-element_type=\"widget\" data-e-type=\"widget\" data-widget_type=\"text-editor.default\">\n\t\t\t\t\t\t\t\t\t<p style=\"text-align: center;\">Cada sa\u00edda \u00e9 pensada para que voc\u00ea aproveite sem estresse: planejamento, comunica\u00e7\u00e3o clara, equipe com experi\u00eancia local e um ritmo que faz sentido.<br>Al\u00e9m disso, orientamos voc\u00ea sobre o que realmente importa: altitude, clima, roupas, hor\u00e1rios e cuidados antes de cada passeio.<br>E, sempre que precisar, ter\u00e1 suporte pelo WhatsApp.<\/p>\t\t\t\t\t\t\t\t<\/div>\n\t\t\t\t\t<\/div>\n\t\t\t\t<\/div>\n\t\t<div class=\"elementor-element elementor-element-52a3438 e-flex e-con-boxed e-con e-parent\" data-id=\"52a3438\" data-element_type=\"container\" data-e-type=\"container\">\n\t\t\t\t\t<div class=\"e-con-inner\">\n\t\t\t\t<div class=\"elementor-element elementor-element-e819ed3 elementor-widget elementor-widget-heading\" data-id=\"e819ed3\" data-element_type=\"widget\" data-e-type=\"widget\" data-widget_type=\"heading.default\">\n\t\t\t\t\t<h2 class=\"elementor-heading-title elementor-size-default\">Escolha o seu ritmo. N\u00f3s cuidamos do resto. <\/h2>\t\t\t\t<\/div>\n\t\t\t\t<div class=\"elementor-element elementor-element-2a5d504 elementor-widget elementor-widget-text-editor\" data-id=\"2a5d504\" data-element_type=\"widget\" data-e-type=\"widget\" data-widget_type=\"text-editor.default\">\n\t\t\t\t\t\t\t\t\t<p style=\"text-align: center;\">San Pedro de Atacama \u00e9 melhor aproveitado quando voc\u00ea viaja com calma e com tudo claro.<br>Veja as 3 op\u00e7\u00f5es, compare e escolha aquela que mais combina com voc\u00ea.<br>Se tiver qualquer d\u00favida, \u00e9 s\u00f3 nos escrever. Vamos orientar voc\u00ea com rapidez e clareza.  <\/p>\t\t\t\t\t\t\t\t<\/div>\n\t\t\t\t\t<\/div>\n\t\t\t\t<\/div>\n\t\t\t\t<\/div>\n\t\t","protected":false},"excerpt":{"rendered":"<p>Tr\u00eas formas de viver San Pedro de Atacama, de acordo com o seu estilo e or\u00e7amento: Desde uma viagem desenhada com voc\u00ea at\u00e9 passeios cl\u00e1ssicos para conhecer os lugares imperd\u00edveis.<\/p>\n","protected":false},"author":1,"featured_media":0,"parent":0,"menu_order":0,"comment_status":"closed","ping_status":"closed","template":"","meta":{"footnotes":""},"folder":[],"class_list":["post-3369","page","type-page","status-publish","hentry"],"blocksy_meta":[],"_links":{"self":[{"href":"https:\/\/www.jatunmayo.com\/pt-br\/wp-json\/wp\/v2\/pages\/3369","targetHints":{"allow":["GET"]}}],"collection":[{"href":"https:\/\/www.jatunmayo.com\/pt-br\/wp-json\/wp\/v2\/pages"}],"about":[{"href":"https:\/\/www.jatunmayo.com\/pt-br\/wp-json\/wp\/v2\/types\/page"}],"author":[{"embeddable":true,"href":"https:\/\/www.jatunmayo.com\/pt-br\/wp-json\/wp\/v2\/users\/1"}],"replies":[{"embeddable":true,"href":"https:\/\/www.jatunmayo.com\/pt-br\/wp-json\/wp\/v2\/comments?post=3369"}],"version-history":[{"count":1,"href":"https:\/\/www.jatunmayo.com\/pt-br\/wp-json\/wp\/v2\/pages\/3369\/revisions"}],"predecessor-version":[{"id":3370,"href":"https:\/\/www.jatunmayo.com\/pt-br\/wp-json\/wp\/v2\/pages\/3369\/revisions\/3370"}],"wp:attachment":[{"href":"https:\/\/www.jatunmayo.com\/pt-br\/wp-json\/wp\/v2\/media?parent=3369"}],"wp:term":[{"taxonomy":"folder","embeddable":true,"href":"https:\/\/www.jatunmayo.com\/pt-br\/wp-json\/wp\/v2\/folder?post=3369"}],"curies":[{"name":"wp","href":"https:\/\/api.w.org\/{rel}","templated":true}]}}