{"id":3331,"date":"2026-05-03T09:52:30","date_gmt":"2026-05-03T13:52:30","guid":{"rendered":"https:\/\/www.jatunmayo.com\/obrigado-viagens-privadas\/"},"modified":"2026-05-05T09:47:01","modified_gmt":"2026-05-05T13:47:01","slug":"obrigado-viagens-privadas","status":"publish","type":"page","link":"https:\/\/www.jatunmayo.com\/pt-br\/obrigado-viagens-privadas\/","title":{"rendered":"Obrigado \u2014 Viagens Privadas"},"content":{"rendered":"\t\t<div data-elementor-type=\"wp-page\" data-elementor-id=\"3331\" class=\"elementor elementor-3331 elementor-3049\" data-elementor-post-type=\"page\">\n\t\t\t\t<div class=\"elementor-element elementor-element-80a0da9 e-flex e-con-boxed e-con e-parent\" data-id=\"80a0da9\" data-element_type=\"container\" data-e-type=\"container\">\n\t\t\t\t\t<div class=\"e-con-inner\">\n\t\t\t\t<div class=\"elementor-element elementor-element-70825d2 elementor-widget elementor-widget-heading\" data-id=\"70825d2\" data-element_type=\"widget\" data-e-type=\"widget\" data-widget_type=\"heading.default\">\n\t\t\t\t\t<h1 class=\"elementor-heading-title elementor-size-default\">OBRIGADO. SUA SOLICITA\u00c7\u00c3O FOI ENVIADA COM SUCESSO. <\/h1>\t\t\t\t<\/div>\n\t\t\t\t<div class=\"elementor-element elementor-element-8bc3f0e elementor-widget elementor-widget-heading\" data-id=\"8bc3f0e\" data-element_type=\"widget\" data-e-type=\"widget\" data-widget_type=\"heading.default\">\n\t\t\t\t\t<h2 class=\"elementor-heading-title elementor-size-default\">Voc\u00ea acabou de dar o primeiro passo para planejar uma viagem privada a San Pedro de Atacama com mais prop\u00f3sito, calma e boa organiza\u00e7\u00e3o.<\/h2>\t\t\t\t<\/div>\n\t\t\t\t<div class=\"elementor-element elementor-element-51e186b elementor-widget elementor-widget-text-editor\" data-id=\"51e186b\" data-element_type=\"widget\" data-e-type=\"widget\" data-widget_type=\"text-editor.default\">\n\t\t\t\t\t\t\t\t\t<p>Recebemos suas informa\u00e7\u00f5es e agora vamos revisar suas datas, n\u00famero de pessoas, estilo de viagem, ritmo ideal e prefer\u00eancias.<\/p>\t\t\t\t\t\t\t\t<\/div>\n\t\t\t\t<div class=\"elementor-element elementor-element-1e0deb7 elementor-widget elementor-widget-text-editor\" data-id=\"1e0deb7\" data-element_type=\"widget\" data-e-type=\"widget\" data-widget_type=\"text-editor.default\">\n\t\t\t\t\t\t\t\t\t<p style=\"text-align: center;\">Nosso objetivo n\u00e3o \u00e9 vender apenas mais um tour.<br data-start=\"429\" data-end=\"432\">Nosso objetivo \u00e9 entender se podemos ajudar voc\u00ea a criar uma experi\u00eancia privada que realmente combine com o que est\u00e1 buscando.<\/p>\t\t\t\t\t\t\t\t<\/div>\n\t\t\t\t\t<\/div>\n\t\t\t\t<\/div>\n\t\t<div class=\"elementor-element elementor-element-64ad8cf e-flex e-con-boxed e-con e-parent\" data-id=\"64ad8cf\" data-element_type=\"container\" data-e-type=\"container\">\n\t\t\t\t\t<div class=\"e-con-inner\">\n\t\t\t\t<div class=\"elementor-element elementor-element-9775395 elementor-widget elementor-widget-heading\" data-id=\"9775395\" data-element_type=\"widget\" data-e-type=\"widget\" data-widget_type=\"heading.default\">\n\t\t\t\t\t<h2 class=\"elementor-heading-title elementor-size-default\">O que acontece agora?<\/h2>\t\t\t\t<\/div>\n\t\t\t\t<div class=\"elementor-element elementor-element-e951a5b elementor-widget elementor-widget-text-editor\" data-id=\"e951a5b\" data-element_type=\"widget\" data-e-type=\"widget\" data-widget_type=\"text-editor.default\">\n\t\t\t\t\t\t\t\t\t<p data-start=\"587\" data-end=\"687\">Nas pr\u00f3ximas horas, vamos analisar sua solicita\u00e7\u00e3o e entraremos em contato por WhatsApp ou e-mail.<\/p><p data-start=\"689\" data-end=\"786\">Se a sua viagem se encaixar no tipo de experi\u00eancia que oferecemos, enviaremos uma orienta\u00e7\u00e3o inicial com:<\/p><ul data-start=\"788\" data-end=\"928\"><li data-section-id=\"1xu6az6\" data-start=\"788\" data-end=\"821\">Dura\u00e7\u00e3o recomendada da viagem.<\/li><li data-section-id=\"1dkj4ss\" data-start=\"822\" data-end=\"853\">Tipo de experi\u00eancia sugerida.<\/li><li data-section-id=\"184dgkf\" data-start=\"854\" data-end=\"884\">Faixa estimada de investimento.<\/li><li data-section-id=\"ms4goh\" data-start=\"885\" data-end=\"928\">Pr\u00f3ximo passo para avan\u00e7ar com a reserva.<\/li><\/ul>\t\t\t\t\t\t\t\t<\/div>\n\t\t\t\t\t<\/div>\n\t\t\t\t<\/div>\n\t\t<div class=\"elementor-element elementor-element-ab32f1b e-flex e-con-boxed e-con e-parent\" data-id=\"ab32f1b\" data-element_type=\"container\" data-e-type=\"container\">\n\t\t\t\t\t<div class=\"e-con-inner\">\n\t\t\t\t<div class=\"elementor-element elementor-element-9d640cb elementor-widget elementor-widget-heading\" data-id=\"9d640cb\" data-element_type=\"widget\" data-e-type=\"widget\" data-widget_type=\"heading.default\">\n\t\t\t\t\t<h2 class=\"elementor-heading-title elementor-size-default\">Importante<\/h2>\t\t\t\t<\/div>\n\t\t\t\t<div class=\"elementor-element elementor-element-bf8dc40 elementor-widget elementor-widget-text-editor\" data-id=\"bf8dc40\" data-element_type=\"widget\" data-e-type=\"widget\" data-widget_type=\"text-editor.default\">\n\t\t\t\t\t\t\t\t\t<p data-start=\"950\" data-end=\"1005\">Este formul\u00e1rio n\u00e3o confirma uma reserva autom\u00e1tica.<\/p><p data-start=\"1007\" data-end=\"1143\">A reserva s\u00f3 ser\u00e1 confirmada depois de verificarmos a disponibilidade, voc\u00ea aceitar as condi\u00e7\u00f5es da viagem e realizar o pagamento do sinal correspondente.<\/p><p data-start=\"1145\" data-end=\"1312\">A proposta detalhada, com roteiro completo, ordem dos dias, hor\u00e1rios e log\u00edstica, ser\u00e1 entregue ap\u00f3s a confirma\u00e7\u00e3o do interesse real e o pagamento do sinal de reserva.<\/p><p data-start=\"1314\" data-end=\"1435\">Preferimos trabalhar com viajantes que valorizam o planejamento, o ritmo e a experi\u00eancia completa \u2014 n\u00e3o apenas uma lista de lugares para visitar.<\/p>\t\t\t\t\t\t\t\t<\/div>\n\t\t\t\t\t<\/div>\n\t\t\t\t<\/div>\n\t\t<div class=\"elementor-element elementor-element-45ba7df e-flex e-con-boxed e-con e-parent\" data-id=\"45ba7df\" data-element_type=\"container\" data-e-type=\"container\">\n\t\t\t\t\t<div class=\"e-con-inner\">\n\t\t\t\t<div class=\"elementor-element elementor-element-20d78b7 elementor-widget elementor-widget-heading\" data-id=\"20d78b7\" data-element_type=\"widget\" data-e-type=\"widget\" data-widget_type=\"heading.default\">\n\t\t\t\t\t<h2 class=\"elementor-heading-title elementor-size-default\">Enquanto analisamos sua solicita\u00e7\u00e3o<\/h2>\t\t\t\t<\/div>\n\t\t\t\t<div class=\"elementor-element elementor-element-74b42d1 elementor-widget elementor-widget-text-editor\" data-id=\"74b42d1\" data-element_type=\"widget\" data-e-type=\"widget\" data-widget_type=\"text-editor.default\">\n\t\t\t\t\t\t\t\t\t<p data-start=\"1478\" data-end=\"1507\">Recomendamos que voc\u00ea tenha em m\u00e3os:<\/p><ul data-start=\"1509\" data-end=\"1736\"><li data-section-id=\"w8gqx4\" data-start=\"1509\" data-end=\"1548\">Datas reais ou aproximadas da viagem.<\/li><li data-section-id=\"1dfocfn\" data-start=\"1549\" data-end=\"1583\">N\u00famero definitivo de pessoas.<\/li><li data-section-id=\"xedaur\" data-start=\"1584\" data-end=\"1611\">Voos, caso j\u00e1 tenham comprado.<\/li><li data-section-id=\"ihmp7m\" data-start=\"1612\" data-end=\"1644\">Hospedagem, caso j\u00e1 tenham reservado.<\/li><li data-section-id=\"1p4wung\" data-start=\"1645\" data-end=\"1682\">Or\u00e7amento aproximado por pessoa.<\/li><li data-section-id=\"j93cew\" data-start=\"1683\" data-end=\"1736\">Lugares que sonham conhecer em San Pedro de Atacama.<\/li><\/ul><p data-start=\"1738\" data-end=\"1803\">Isso nos ajudar\u00e1 a orientar voc\u00ea melhor e avan\u00e7ar com mais clareza.<\/p>\t\t\t\t\t\t\t\t<\/div>\n\t\t\t\t\t<\/div>\n\t\t\t\t<\/div>\n\t\t<div class=\"elementor-element elementor-element-0375e7d e-flex e-con-boxed e-con e-parent\" data-id=\"0375e7d\" data-element_type=\"container\" data-e-type=\"container\">\n\t\t\t\t\t<div class=\"e-con-inner\">\n\t\t\t\t<div class=\"elementor-element elementor-element-310a2ad elementor-widget elementor-widget-heading\" data-id=\"310a2ad\" data-element_type=\"widget\" data-e-type=\"widget\" data-widget_type=\"heading.default\">\n\t\t\t\t\t<h2 class=\"elementor-heading-title elementor-size-default\">Uma ideia importante antes de continuar<\/h2>\t\t\t\t<\/div>\n\t\t\t\t<div class=\"elementor-element elementor-element-64fbaaa elementor-widget elementor-widget-text-editor\" data-id=\"64fbaaa\" data-element_type=\"widget\" data-e-type=\"widget\" data-widget_type=\"text-editor.default\">\n\t\t\t\t\t\t\t\t\t<p data-start=\"1850\" data-end=\"1912\">San Pedro de Atacama n\u00e3o \u00e9 vivido melhor quando tentamos fazer tudo.<\/p><p data-start=\"1914\" data-end=\"2069\">Ele \u00e9 vivido melhor quando a viagem \u00e9 bem pensada:<br data-start=\"1962\" data-end=\"1965\">com a ordem certa, o ritmo adequado, uma boa log\u00edstica e tempo suficiente para aproveitar sem pressa.<\/p><p data-start=\"2071\" data-end=\"2189\">Por isso, desenhamos viagens privadas para pessoas que querem viver o Atacama com mais calma, mais privacidade e mais sentido.<\/p>\t\t\t\t\t\t\t\t<\/div>\n\t\t\t\t\t<\/div>\n\t\t\t\t<\/div>\n\t\t<div class=\"elementor-element elementor-element-db8ffd7 e-flex e-con-boxed e-con e-parent\" data-id=\"db8ffd7\" data-element_type=\"container\" data-e-type=\"container\">\n\t\t\t\t\t<div class=\"e-con-inner\">\n\t\t\t\t<div class=\"elementor-element elementor-element-ec7952d elementor-widget elementor-widget-heading\" data-id=\"ec7952d\" data-element_type=\"widget\" data-e-type=\"widget\" data-widget_type=\"heading.default\">\n\t\t\t\t\t<h2 class=\"elementor-heading-title elementor-size-default\">Obrigado por confiar na Jatun Mayo Experience.<\/h2>\t\t\t\t<\/div>\n\t\t\t\t<div class=\"elementor-element elementor-element-156345e elementor-widget elementor-widget-text-editor\" data-id=\"156345e\" data-element_type=\"widget\" data-e-type=\"widget\" data-widget_type=\"text-editor.default\">\n\t\t\t\t\t\t\t\t\t<p data-start=\"2520\" data-end=\"2690\">Se a sua viagem se encaixar na nossa forma de trabalhar, faremos o poss\u00edvel para ajudar voc\u00ea a viver San Pedro de Atacama de uma maneira mais privada, mais humana e melhor planejada.<\/p><p data-start=\"2692\" data-end=\"2755\" data-is-last-node=\"\" data-is-only-node=\"\">Porque uma viagem assim n\u00e3o se improvisa.<br data-start=\"2728\" data-end=\"2731\">Ela \u00e9 desenhada com inten\u00e7\u00e3o.<\/p>\t\t\t\t\t\t\t\t<\/div>\n\t\t\t\t\t<\/div>\n\t\t\t\t<\/div>\n\t\t\t\t<\/div>\n\t\t","protected":false},"excerpt":{"rendered":"<p>OBRIGADO. SUA SOLICITA\u00c7\u00c3O FOI ENVIADA COM SUCESSO. Voc\u00ea acabou de dar o primeiro passo para planejar uma viagem privada a San Pedro de Atacama com mais prop\u00f3sito, calma e boa organiza\u00e7\u00e3o. Recebemos suas informa\u00e7\u00f5es e agora vamos revisar suas datas, n\u00famero de pessoas, estilo de viagem, ritmo ideal e prefer\u00eancias. Nosso objetivo n\u00e3o \u00e9 vender [&hellip;]<\/p>\n","protected":false},"author":1,"featured_media":0,"parent":0,"menu_order":0,"comment_status":"closed","ping_status":"closed","template":"","meta":{"footnotes":""},"folder":[],"class_list":["post-3331","page","type-page","status-publish","hentry"],"blocksy_meta":[],"_links":{"self":[{"href":"https:\/\/www.jatunmayo.com\/pt-br\/wp-json\/wp\/v2\/pages\/3331","targetHints":{"allow":["GET"]}}],"collection":[{"href":"https:\/\/www.jatunmayo.com\/pt-br\/wp-json\/wp\/v2\/pages"}],"about":[{"href":"https:\/\/www.jatunmayo.com\/pt-br\/wp-json\/wp\/v2\/types\/page"}],"author":[{"embeddable":true,"href":"https:\/\/www.jatunmayo.com\/pt-br\/wp-json\/wp\/v2\/users\/1"}],"replies":[{"embeddable":true,"href":"https:\/\/www.jatunmayo.com\/pt-br\/wp-json\/wp\/v2\/comments?post=3331"}],"version-history":[{"count":3,"href":"https:\/\/www.jatunmayo.com\/pt-br\/wp-json\/wp\/v2\/pages\/3331\/revisions"}],"predecessor-version":[{"id":3352,"href":"https:\/\/www.jatunmayo.com\/pt-br\/wp-json\/wp\/v2\/pages\/3331\/revisions\/3352"}],"wp:attachment":[{"href":"https:\/\/www.jatunmayo.com\/pt-br\/wp-json\/wp\/v2\/media?parent=3331"}],"wp:term":[{"taxonomy":"folder","embeddable":true,"href":"https:\/\/www.jatunmayo.com\/pt-br\/wp-json\/wp\/v2\/folder?post=3331"}],"curies":[{"name":"wp","href":"https:\/\/api.w.org\/{rel}","templated":true}]}}