{"id":3187,"date":"2026-04-15T00:10:03","date_gmt":"2026-04-15T04:10:03","guid":{"rendered":"https:\/\/www.jatunmayo.com\/obrigado-viagem-grupo-pequeno\/"},"modified":"2026-05-03T23:35:59","modified_gmt":"2026-05-04T03:35:59","slug":"obrigado-viagem-grupo-pequeno","status":"publish","type":"page","link":"https:\/\/www.jatunmayo.com\/pt-br\/obrigado-viagem-grupo-pequeno\/","title":{"rendered":"Obrigado viagem grupo pequeno"},"content":{"rendered":"\t\t<div data-elementor-type=\"wp-page\" data-elementor-id=\"3187\" class=\"elementor elementor-3187 elementor-2975\" data-elementor-post-type=\"page\">\n\t\t\t\t<div class=\"elementor-element elementor-element-de4a0d6 e-flex e-con-boxed e-con e-parent\" data-id=\"de4a0d6\" data-element_type=\"container\" data-e-type=\"container\" data-settings=\"{&quot;background_background&quot;:&quot;classic&quot;}\">\n\t\t\t\t\t<div class=\"e-con-inner\">\n\t\t\t\t<div class=\"elementor-element elementor-element-6ce02ce elementor-widget elementor-widget-theme-site-logo elementor-widget-image\" data-id=\"6ce02ce\" data-element_type=\"widget\" data-e-type=\"widget\" data-widget_type=\"theme-site-logo.default\">\n\t\t\t\t\t\t\t\t\t\t\t<a href=\"https:\/\/www.jatunmayo.com\/pt-br\/\">\n\t\t\t<img decoding=\"async\" src=\"https:\/\/www.jatunmayo.com\/wp-content\/uploads\/elementor\/thumbs\/JM_horizontal_color_night-rggpsat8z13ydr01uteamo2ruvhef3ur6vztusu3xw.png\" title=\"Logo Jatun Mayo\" alt=\"Logo Jatun Mayo\" loading=\"lazy\" \/>\t\t\t\t<\/a>\n\t\t\t\t\t\t\t\t\t\t\t<\/div>\n\t\t\t\t\t\t\t<h2 \n\t\tdata-interaction-id=\"06239b7\" \n\t\tclass=\"e-06239b7-36ebf1b e-heading-base\" \n\t\t \n\t\tdata-e-type=\"widget\" data-id=\"06239b7\"\n\t>\n\t\n\t\t\tObrigado por dar o primeiro passo em dire\u00e7\u00e3o \u00e0 sua viagem ao Atacama\n\t\t<\/h2>\n\t\t\t\t\t\t\t\t<p class=\"e-c600406-dddf9da e-paragraph-base\" data-interaction-id=\"c600406\"  data-e-type=\"widget\" data-id=\"c600406\">\n\t\t\t\t\t\t\t\tRecebemos seu formul\u00e1rio corretamente. Agora vamos revisar sua solicita\u00e7\u00e3o com calma para cuidar da experi\u00eancia, do ritmo do grupo e confirmar se esta sa\u00edda combina bem com voc\u00ea. \n\t\t\t\t\t<\/p>\n\t\t\t\t\t\t\t\t<p class=\"e-06c8c52-4ebb633 e-paragraph-base\" data-interaction-id=\"06c8c52\"  data-e-type=\"widget\" data-id=\"06c8c52\">\n\t\t\t\t\t\t\t\tEntraremos em contato por WhatsApp ou liga\u00e7\u00e3o dentro de 24\u201348 horas.\n\t\t\t\t\t<\/p>\n\t\t\t\t\t<\/div>\n\t\t\t\t<\/div>\n\t\t<div class=\"elementor-element elementor-element-c05b349 e-flex e-con-boxed e-con e-parent\" data-id=\"c05b349\" data-element_type=\"container\" data-e-type=\"container\">\n\t\t\t\t\t<div class=\"e-con-inner\">\n\t\t\t\t\t\t\t<h2 \n\t\tdata-interaction-id=\"c6b969c\" \n\t\tclass=\"e-c6b969c-dee1a73 e-heading-base\" \n\t\t \n\t\tdata-e-type=\"widget\" data-id=\"c6b969c\"\n\t>\n\t\n\t\t\tIsso ainda n\u00e3o compromete voc\u00ea\n\t\t<\/h2>\n\t\t\t\t<div class=\"elementor-element elementor-element-6f292d7 elementor-widget elementor-widget-text-editor\" data-id=\"6f292d7\" data-element_type=\"widget\" data-e-type=\"widget\" data-widget_type=\"text-editor.default\">\n\t\t\t\t\t\t\t\t\t<p style=\"text-align: center;\">Completar o formul\u00e1rio n\u00e3o garante automaticamente sua vaga nem obriga voc\u00ea a reservar. Primeiro revisamos suas informa\u00e7\u00f5es para cuidar do grupo, entender seu estilo de viagem e ver se esta experi\u00eancia realmente combina com voc\u00ea. <br data-start=\"5955\" data-end=\"5958\"><strong data-start=\"5958\" data-end=\"6013\">Queremos que voc\u00ea reserve com clareza, n\u00e3o com press\u00e3o.<\/strong><\/p>\t\t\t\t\t\t\t\t<\/div>\n\t\t\t\t\t<\/div>\n\t\t\t\t<\/div>\n\t\t<div class=\"elementor-element elementor-element-d4391f2 e-flex e-con-boxed e-con e-parent\" data-id=\"d4391f2\" data-element_type=\"container\" data-e-type=\"container\">\n\t\t\t\t\t<div class=\"e-con-inner\">\n\t\t\t\t\t\t\t<h2 \n\t\tdata-interaction-id=\"e20d530\" \n\t\tclass=\"e-e20d530-8d23928 e-heading-base\" \n\t\t \n\t\tdata-e-type=\"widget\" data-id=\"e20d530\"\n\t>\n\t\n\t\t\tO que acontece agora?\n\t\t<\/h2>\n\t\t\t\t\t\t\t<h3 \n\t\tdata-interaction-id=\"3836c43\" \n\t\tclass=\"e-3836c43-f2b42b3 e-heading-base\" \n\t\t \n\t\tdata-e-type=\"widget\" data-id=\"3836c43\"\n\t>\n\t\n\t\t\t1. Revisamos seu formul\u00e1rio\n\t\t<\/h3>\n\t\t\t\t<div class=\"elementor-element elementor-element-81eef1f elementor-widget elementor-widget-text-editor\" data-id=\"81eef1f\" data-element_type=\"widget\" data-e-type=\"widget\" data-widget_type=\"text-editor.default\">\n\t\t\t\t\t\t\t\t\t<p style=\"text-align: center;\">Lemos com aten\u00e7\u00e3o para entender seu ritmo, necessidades e compatibilidade com a experi\u00eancia.<\/p>\t\t\t\t\t\t\t\t<\/div>\n\t\t\t\t\t\t\t<h3 \n\t\tdata-interaction-id=\"d7618db\" \n\t\tclass=\"e-d7618db-900c1e9 e-heading-base\" \n\t\t \n\t\tdata-e-type=\"widget\" data-id=\"d7618db\"\n\t>\n\t\n\t\t\t2. Entramos em contato\n\t\t<\/h3>\n\t\t\t\t<div class=\"elementor-element elementor-element-0549c1b elementor-widget elementor-widget-text-editor\" data-id=\"0549c1b\" data-element_type=\"widget\" data-e-type=\"widget\" data-widget_type=\"text-editor.default\">\n\t\t\t\t\t\t\t\t\t<p style=\"text-align: center;\">Escrevemos por WhatsApp ou liga\u00e7\u00e3o para confirmar disponibilidade e esclarecer d\u00favidas.<\/p>\t\t\t\t\t\t\t\t<\/div>\n\t\t\t\t\t\t\t<h3 \n\t\tdata-interaction-id=\"1d199c5\" \n\t\tclass=\"e-1d199c5-617922e e-heading-base\" \n\t\t \n\t\tdata-e-type=\"widget\" data-id=\"1d199c5\"\n\t>\n\t\n\t\t\t3. Se houver vaga e combinar, voc\u00ea avan\u00e7a\n\t\t<\/h3>\n\t\t\t\t<div class=\"elementor-element elementor-element-4712b42 elementor-widget elementor-widget-text-editor\" data-id=\"4712b42\" data-element_type=\"widget\" data-e-type=\"widget\" data-widget_type=\"text-editor.default\">\n\t\t\t\t\t\t\t\t\t<p style=\"text-align: center;\">Enviamos os passos para reservar e garantir sua vaga.<\/p>\t\t\t\t\t\t\t\t<\/div>\n\t\t\t\t\t<\/div>\n\t\t\t\t<\/div>\n\t\t<div class=\"elementor-element elementor-element-78f6d71 e-flex e-con-boxed e-con e-parent\" data-id=\"78f6d71\" data-element_type=\"container\" data-e-type=\"container\">\n\t\t\t\t\t<div class=\"e-con-inner\">\n\t\t\t\t\t\t\t<h2 \n\t\tdata-interaction-id=\"5f3c599\" \n\t\tclass=\"e-5f3c599-885acc3 e-heading-base\" \n\t\t \n\t\tdata-e-type=\"widget\" data-id=\"5f3c599\"\n\t>\n\t\n\t\t\tEsta viagem n\u00e3o come\u00e7a quando voc\u00ea chega. Come\u00e7a desde agora. \n\t\t<\/h2>\n\t\t\t\t<div class=\"elementor-element elementor-element-eafb271 elementor-widget elementor-widget-text-editor\" data-id=\"eafb271\" data-element_type=\"widget\" data-e-type=\"widget\" data-widget_type=\"text-editor.default\">\n\t\t\t\t\t\t\t\t\t<p style=\"text-align: center;\">Voc\u00ea n\u00e3o est\u00e1 se aproximando de mais um tour.<\/p><p style=\"text-align: center;\">Voc\u00ea est\u00e1 se aproximando de uma experi\u00eancia pensada para viver San Pedro com mais calma, melhor ritmo e a tranquilidade de que o importante j\u00e1 est\u00e1 bem cuidado.<br data-start=\"6656\" data-end=\"6659\">A ideia n\u00e3o \u00e9 correr atr\u00e1s de um itiner\u00e1rio. A ideia \u00e9 viver bem a viagem. <\/p>\t\t\t\t\t\t\t\t<\/div>\n\t\t\t\t\t<\/div>\n\t\t\t\t<\/div>\n\t\t<div class=\"elementor-element elementor-element-1b0c45d e-flex e-con-boxed e-con e-parent\" data-id=\"1b0c45d\" data-element_type=\"container\" data-e-type=\"container\">\n\t\t\t\t\t<div class=\"e-con-inner\">\n\t\t\t\t\t\t\t<h2 \n\t\tdata-interaction-id=\"59b57a0\" \n\t\tclass=\"e-59b57a0-2cda05e e-heading-base\" \n\t\t \n\t\tdata-e-type=\"widget\" data-id=\"59b57a0\"\n\t>\n\t\n\t\t\tResumo r\u00e1pido\n\t\t<\/h2>\n\t\t\t\t<div class=\"elementor-element elementor-element-17ebed1 elementor-widget elementor-widget-text-editor\" data-id=\"17ebed1\" data-element_type=\"widget\" data-e-type=\"widget\" data-widget_type=\"text-editor.default\">\n\t\t\t\t\t\t\t\t\t<p style=\"text-align: center;\"><strong data-start=\"6756\" data-end=\"6777\">5 dias \/ 4 noites<\/strong><br data-start=\"6777\" data-end=\"6780\"><strong data-start=\"6780\" data-end=\"6816\">Grupo pequeno de 6 a 12 pessoas<\/strong><br data-start=\"6816\" data-end=\"6819\"><strong data-start=\"6819\" data-end=\"6853\">Encontro no Aeroporto de Calama<\/strong><br data-start=\"6853\" data-end=\"6856\"><strong data-start=\"6856\" data-end=\"6900\">Viagem pensada para ser vivida com mais calma<\/strong><\/p>\t\t\t\t\t\t\t\t<\/div>\n\t\t\t\t\t<\/div>\n\t\t\t\t<\/div>\n\t\t<div class=\"elementor-element elementor-element-d69502c e-flex e-con-boxed e-con e-parent\" data-id=\"d69502c\" data-element_type=\"container\" data-e-type=\"container\">\n\t\t\t\t\t<div class=\"e-con-inner\">\n\t\t\t\t\t\t\t<h2 \n\t\tdata-interaction-id=\"15c6c99\" \n\t\tclass=\"e-15c6c99-710f302 e-heading-base\" \n\t\t \n\t\tdata-e-type=\"widget\" data-id=\"15c6c99\"\n\t>\n\t\n\t\t\tEnquanto isso, voc\u00ea pode fazer isto\n\t\t<\/h2>\n\t\t\t\t<div class=\"elementor-element elementor-element-6c1ec25 elementor-widget elementor-widget-text-editor\" data-id=\"6c1ec25\" data-element_type=\"widget\" data-e-type=\"widget\" data-widget_type=\"text-editor.default\">\n\t\t\t\t\t\t\t\t\t<ul><li data-section-id=\"1wxgcyj\" data-start=\"4559\" data-end=\"4602\">Voltar a revisar os detalhes da viagem<\/li><li data-section-id=\"ge9dji\" data-start=\"4603\" data-end=\"4640\">Ler o que est\u00e1 inclu\u00eddo e o que n\u00e3o est\u00e1 inclu\u00eddo<\/li><li data-section-id=\"h6em4a\" data-start=\"4641\" data-end=\"4689\">Salvar nosso WhatsApp para ficar atento<\/li><li data-section-id=\"tff6yw\" data-start=\"4690\" data-end=\"4751\">Preparar qualquer d\u00favida que queira esclarecer no contato<\/li><\/ul>\t\t\t\t\t\t\t\t<\/div>\n\t\t\t\t<div class=\"elementor-element elementor-element-ffab6d7 elementor-align-center elementor-widget elementor-widget-button\" data-id=\"ffab6d7\" data-element_type=\"widget\" data-e-type=\"widget\" data-widget_type=\"button.default\">\n\t\t\t\t\t\t\t\t\t\t<a class=\"elementor-button elementor-button-link elementor-size-sm\" href=\"https:\/\/www.jatunmayo.com\/pt-br\/viagens-em-grupo-pequeno\/\">\n\t\t\t\t\t\t<span class=\"elementor-button-content-wrapper\">\n\t\t\t\t\t\t\t\t\t<span class=\"elementor-button-text\">Voltar a ver detalhes da viagem<\/span>\n\t\t\t\t\t<\/span>\n\t\t\t\t\t<\/a>\n\t\t\t\t\t\t\t\t<\/div>\n\t\t\t\t\t<\/div>\n\t\t\t\t<\/div>\n\t\t<div class=\"elementor-element elementor-element-ecf59de e-flex e-con-boxed e-con e-parent\" data-id=\"ecf59de\" data-element_type=\"container\" data-e-type=\"container\">\n\t\t\t\t\t<div class=\"e-con-inner\">\n\t\t\t\t\t<\/div>\n\t\t\t\t<\/div>\n\t\t\t\t<\/div>\n\t\t","protected":false},"excerpt":{"rendered":"<p>Obrigado por dar o primeiro passo em dire\u00e7\u00e3o \u00e0 sua viagem ao Atacama Recebemos seu formul\u00e1rio corretamente. Agora vamos revisar sua solicita\u00e7\u00e3o com calma para cuidar da experi\u00eancia, do ritmo do grupo e confirmar se esta sa\u00edda combina bem com voc\u00ea. Entraremos em contato por WhatsApp ou liga\u00e7\u00e3o dentro de 24\u201348 horas. Isso ainda n\u00e3o [&hellip;]<\/p>\n","protected":false},"author":1,"featured_media":0,"parent":0,"menu_order":0,"comment_status":"closed","ping_status":"closed","template":"","meta":{"footnotes":""},"folder":[],"class_list":["post-3187","page","type-page","status-publish","hentry"],"blocksy_meta":{"disable_header":"yes","disable_footer":"yes","styles_descriptor":{"styles":{"desktop":"","tablet":"","mobile":""},"google_fonts":[],"version":6}},"_links":{"self":[{"href":"https:\/\/www.jatunmayo.com\/pt-br\/wp-json\/wp\/v2\/pages\/3187","targetHints":{"allow":["GET"]}}],"collection":[{"href":"https:\/\/www.jatunmayo.com\/pt-br\/wp-json\/wp\/v2\/pages"}],"about":[{"href":"https:\/\/www.jatunmayo.com\/pt-br\/wp-json\/wp\/v2\/types\/page"}],"author":[{"embeddable":true,"href":"https:\/\/www.jatunmayo.com\/pt-br\/wp-json\/wp\/v2\/users\/1"}],"replies":[{"embeddable":true,"href":"https:\/\/www.jatunmayo.com\/pt-br\/wp-json\/wp\/v2\/comments?post=3187"}],"version-history":[{"count":1,"href":"https:\/\/www.jatunmayo.com\/pt-br\/wp-json\/wp\/v2\/pages\/3187\/revisions"}],"predecessor-version":[{"id":3188,"href":"https:\/\/www.jatunmayo.com\/pt-br\/wp-json\/wp\/v2\/pages\/3187\/revisions\/3188"}],"wp:attachment":[{"href":"https:\/\/www.jatunmayo.com\/pt-br\/wp-json\/wp\/v2\/media?parent=3187"}],"wp:term":[{"taxonomy":"folder","embeddable":true,"href":"https:\/\/www.jatunmayo.com\/pt-br\/wp-json\/wp\/v2\/folder?post=3187"}],"curies":[{"name":"wp","href":"https:\/\/api.w.org\/{rel}","templated":true}]}}