{"id":3373,"date":"2026-03-03T15:24:51","date_gmt":"2026-03-03T18:24:51","guid":{"rendered":"https:\/\/www.jatunmayo.com\/voyages-et-excursions\/"},"modified":"2026-05-06T15:42:19","modified_gmt":"2026-05-06T19:42:19","slug":"voyages-et-excursions","status":"publish","type":"page","link":"https:\/\/www.jatunmayo.com\/fr\/voyages-et-excursions\/","title":{"rendered":"Voyages et excursions"},"content":{"rendered":"\t\t<div data-elementor-type=\"wp-page\" data-elementor-id=\"3373\" class=\"elementor elementor-3373 elementor-2772\" data-elementor-post-type=\"page\">\n\t\t\t\t<div class=\"elementor-element elementor-element-1642065 e-flex e-con-boxed e-con e-parent\" data-id=\"1642065\" data-element_type=\"container\" data-e-type=\"container\">\n\t\t\t\t\t<div class=\"e-con-inner\">\n\t\t\t\t<div class=\"elementor-element elementor-element-a978843 elementor-widget elementor-widget-heading\" data-id=\"a978843\" data-element_type=\"widget\" data-e-type=\"widget\" data-widget_type=\"heading.default\">\n\t\t\t\t\t<h1 class=\"elementor-heading-title elementor-size-default\">Trois fa\u00e7ons de vivre San Pedro de Atacama, selon votre style et votre budget<\/h1>\t\t\t\t<\/div>\n\t\t\t\t\t<\/div>\n\t\t\t\t<\/div>\n\t\t<div class=\"elementor-element elementor-element-49ab034 e-flex e-con-boxed e-con e-parent\" data-id=\"49ab034\" data-element_type=\"container\" data-e-type=\"container\">\n\t\t\t\t\t<div class=\"e-con-inner\">\n\t\t\t\t<div class=\"elementor-element elementor-element-d3b62ce elementor-widget elementor-widget-text-editor\" data-id=\"d3b62ce\" data-element_type=\"widget\" data-e-type=\"widget\" data-widget_type=\"text-editor.default\">\n\t\t\t\t\t\t\t\t\t<p>\u00c0 San Pedro de Atacama, il n\u2019existe pas une seule bonne fa\u00e7on de voyager : il existe celle qui vous correspond.<br>C\u2019est pourquoi nous avons cr\u00e9\u00e9 3 fa\u00e7ons de vivre le d\u00e9sert, selon votre style, votre rythme et votre budget.<br>Si vous souhaitez une exp\u00e9rience enti\u00e8rement personnalis\u00e9e, nous concevons avec vous un voyage priv\u00e9 sur mesure, en prenant soin de chaque d\u00e9tail pour que vous puissiez profiter sans stress.<br>Si vous pr\u00e9f\u00e9rez partager l\u2019exp\u00e9rience, vous pouvez choisir un voyage priv\u00e9 en petit groupe, avec un groupe bien encadr\u00e9, un rythme humain et sans tourisme de masse.<br>Et si vous recherchez quelque chose de plus simple et accessible, nous proposons aussi des excursions classiques pour d\u00e9couvrir les incontournables de San Pedro de Atacama de mani\u00e8re confortable, s\u00fbre et \u00e0 bon prix.<br>Choisissez votre fa\u00e7on de voyager\u2026 nous nous occupons du reste pour que l\u2019exp\u00e9rience soit vraiment \u00e0 la hauteur.     <\/p>\t\t\t\t\t\t\t\t<\/div>\n\t\t\t\t\t<\/div>\n\t\t\t\t<\/div>\n\t\t<div class=\"elementor-element elementor-element-eea326a e-flex e-con-boxed e-con e-parent\" data-id=\"eea326a\" data-element_type=\"container\" data-e-type=\"container\">\n\t\t\t\t\t<div class=\"e-con-inner\">\n\t\t\t\t<div class=\"elementor-element elementor-element-e7c8b27 elementor-cta--skin-classic elementor-animated-content elementor-bg-transform elementor-bg-transform-zoom-in elementor-widget elementor-widget-call-to-action\" data-id=\"e7c8b27\" data-element_type=\"widget\" data-e-type=\"widget\" data-widget_type=\"call-to-action.default\">\n\t\t\t\t\t\t\t<a class=\"elementor-cta\" href=\"https:\/\/www.jatunmayo.com\/fr\/voyages-prives-sur-mesure\/\">\n\t\t\t\t\t<div class=\"elementor-cta__bg-wrapper\">\n\t\t\t\t<div class=\"elementor-cta__bg elementor-bg\" style=\"background-image: url(https:\/\/www.jatunmayo.com\/wp-content\/uploads\/scenic-view-rock-formation-against-clear-blue-sky-scaled.webp);\" role=\"img\" aria-label=\"D\u00e9sert d\u2019Atacama\"><\/div>\n\t\t\t\t<div class=\"elementor-cta__bg-overlay\"><\/div>\n\t\t\t<\/div>\n\t\t\t\t\t\t\t<div class=\"elementor-cta__content\">\n\t\t\t\t\n\t\t\t\t\t\t\t\t\t<h2 class=\"elementor-cta__title elementor-cta__content-item elementor-content-item\">\n\t\t\t\t\t\tVoyage priv\u00e9 sur mesure\t\t\t\t\t<\/h2>\n\t\t\t\t\n\t\t\t\t\t\t\t\t\t<div class=\"elementor-cta__description elementor-cta__content-item elementor-content-item\">\n\t\t\t\t\t\tHaut de gamme, personnalis\u00e9.\t\t\t\t\t<\/div>\n\t\t\t\t\n\t\t\t\t\t\t\t\t\t<div class=\"elementor-cta__button-wrapper elementor-cta__content-item elementor-content-item \">\n\t\t\t\t\t<span class=\"elementor-cta__button elementor-button elementor-size-\">\n\t\t\t\t\t\tEntrez et d\u00e9couvrez comment \u00e7a fonctionne\t\t\t\t\t<\/span>\n\t\t\t\t\t<\/div>\n\t\t\t\t\t\t\t<\/div>\n\t\t\t\t\t\t\t<div class=\"elementor-ribbon\">\n\t\t\t\t<div class=\"elementor-ribbon-inner\">\n\t\t\t\t\texclusividad\t\t\t\t<\/div>\n\t\t\t<\/div>\n\t\t\t\t<\/a>\n\t\t\t\t\t\t<\/div>\n\t\t\t\t\t<\/div>\n\t\t\t\t<\/div>\n\t\t<div class=\"elementor-element elementor-element-f62d898 e-flex e-con-boxed e-con e-parent\" data-id=\"f62d898\" data-element_type=\"container\" data-e-type=\"container\">\n\t\t\t\t\t<div class=\"e-con-inner\">\n\t\t\t\t<div class=\"elementor-element elementor-element-fa6bde5 elementor-cta--skin-classic elementor-animated-content elementor-bg-transform elementor-bg-transform-zoom-in elementor-widget elementor-widget-call-to-action\" data-id=\"fa6bde5\" data-element_type=\"widget\" data-e-type=\"widget\" data-widget_type=\"call-to-action.default\">\n\t\t\t\t\t\t\t<a class=\"elementor-cta\" href=\"https:\/\/www.jatunmayo.com\/fr\/voyages-en-petits-groupes\/\">\n\t\t\t\t\t<div class=\"elementor-cta__bg-wrapper\">\n\t\t\t\t<div class=\"elementor-cta__bg elementor-bg\" style=\"background-image: url(https:\/\/www.jatunmayo.com\/wp-content\/uploads\/Personas-en-el-desierto-1024x683.webp);\" role=\"img\" aria-label=\"personnes dans le d\u00e9sert\"><\/div>\n\t\t\t\t<div class=\"elementor-cta__bg-overlay\"><\/div>\n\t\t\t<\/div>\n\t\t\t\t\t\t\t<div class=\"elementor-cta__content\">\n\t\t\t\t\n\t\t\t\t\t\t\t\t\t<h2 class=\"elementor-cta__title elementor-cta__content-item elementor-content-item\">\n\t\t\t\t\t\tVoyage en petit groupe\t\t\t\t\t<\/h2>\n\t\t\t\t\n\t\t\t\t\t\t\t\t\t<div class=\"elementor-cta__description elementor-cta__content-item elementor-content-item\">\n\t\t\t\t\t\tGroupe de 6 \u00e0 12 personnes.\t\t\t\t\t<\/div>\n\t\t\t\t\n\t\t\t\t\t\t\t\t\t<div class=\"elementor-cta__button-wrapper elementor-cta__content-item elementor-content-item \">\n\t\t\t\t\t<span class=\"elementor-cta__button elementor-button elementor-size-\">\n\t\t\t\t\t\tEntrez et d\u00e9couvrez comment \u00e7a fonctionne\t\t\t\t\t<\/span>\n\t\t\t\t\t<\/div>\n\t\t\t\t\t\t\t<\/div>\n\t\t\t\t\t\t\t<div class=\"elementor-ribbon\">\n\t\t\t\t<div class=\"elementor-ribbon-inner\">\n\t\t\t\t\tExclusivit\u00e9\t\t\t\t<\/div>\n\t\t\t<\/div>\n\t\t\t\t<\/a>\n\t\t\t\t\t\t<\/div>\n\t\t\t\t\t<\/div>\n\t\t\t\t<\/div>\n\t\t<div class=\"elementor-element elementor-element-44db3cb e-flex e-con-boxed e-con e-parent\" data-id=\"44db3cb\" data-element_type=\"container\" data-e-type=\"container\">\n\t\t\t\t\t<div class=\"e-con-inner\">\n\t\t\t\t<div class=\"elementor-element elementor-element-9deea45 elementor-cta--skin-classic elementor-animated-content elementor-bg-transform elementor-bg-transform-zoom-in elementor-widget elementor-widget-call-to-action\" data-id=\"9deea45\" data-element_type=\"widget\" data-e-type=\"widget\" data-widget_type=\"call-to-action.default\">\n\t\t\t\t\t\t\t<div class=\"elementor-cta\">\n\t\t\t\t\t<div class=\"elementor-cta__bg-wrapper\">\n\t\t\t\t<div class=\"elementor-cta__bg elementor-bg\" style=\"background-image: url(https:\/\/www.jatunmayo.com\/wp-content\/uploads\/26903520.webp);\" role=\"img\" aria-label=\"D\u00e9sert d\u2019Atacama\"><\/div>\n\t\t\t\t<div class=\"elementor-cta__bg-overlay\"><\/div>\n\t\t\t<\/div>\n\t\t\t\t\t\t\t<div class=\"elementor-cta__content\">\n\t\t\t\t\n\t\t\t\t\t\t\t\t\t<h2 class=\"elementor-cta__title elementor-cta__content-item elementor-content-item\">\n\t\t\t\t\t\tExcursions classiques\t\t\t\t\t<\/h2>\n\t\t\t\t\n\t\t\t\t\t\t\t\t\t<div class=\"elementor-cta__description elementor-cta__content-item elementor-content-item\">\n\t\t\t\t\t\tAccessibles, \u00e9conomiques et sans exclusivit\u00e9.\t\t\t\t\t<\/div>\n\t\t\t\t\n\t\t\t\t\t\t\t\t\t<div class=\"elementor-cta__button-wrapper elementor-cta__content-item elementor-content-item \">\n\t\t\t\t\t<a class=\"elementor-cta__button elementor-button elementor-size-\" href=\"https:\/\/www.jatunmayo.com\/fr\/jatun-mayo-excursions-classiques\/\">\n\t\t\t\t\t\tEntrez et d\u00e9couvrez comment \u00e7a fonctionne\t\t\t\t\t<\/a>\n\t\t\t\t\t<\/div>\n\t\t\t\t\t\t\t<\/div>\n\t\t\t\t\t\t\t<div class=\"elementor-ribbon\">\n\t\t\t\t<div class=\"elementor-ribbon-inner\">\n\t\t\t\t\t\u00c9conomique\t\t\t\t<\/div>\n\t\t\t<\/div>\n\t\t\t\t<\/div>\n\t\t\t\t\t\t<\/div>\n\t\t\t\t\t<\/div>\n\t\t\t\t<\/div>\n\t\t<div class=\"elementor-element elementor-element-0219680 e-flex e-con-boxed e-con e-parent\" data-id=\"0219680\" data-element_type=\"container\" data-e-type=\"container\">\n\t\t\t\t\t<div class=\"e-con-inner\">\n\t\t\t\t<div class=\"elementor-element elementor-element-adf5af4 elementor-widget elementor-widget-heading\" data-id=\"adf5af4\" data-element_type=\"widget\" data-e-type=\"widget\" data-widget_type=\"heading.default\">\n\t\t\t\t\t<h2 class=\"elementor-heading-title elementor-size-default\">Votre tranquillit\u00e9 commence ici<\/h2>\t\t\t\t<\/div>\n\t\t\t\t<div class=\"elementor-element elementor-element-ae7880a elementor-widget elementor-widget-text-editor\" data-id=\"ae7880a\" data-element_type=\"widget\" data-e-type=\"widget\" data-widget_type=\"text-editor.default\">\n\t\t\t\t\t\t\t\t\t<p style=\"text-align: center;\">Chaque d\u00e9part est pens\u00e9 pour que vous puissiez profiter sans stress : planification, communication claire, \u00e9quipe avec exp\u00e9rience locale et un rythme qui se ressent bien.<br>Nous vous guidons aussi sur les points importants : altitude, climat, v\u00eatements et horaires.<br>Et si vous avez besoin d\u2019aide, vous b\u00e9n\u00e9ficiez d\u2019un support par WhatsApp.<\/p>\t\t\t\t\t\t\t\t<\/div>\n\t\t\t\t\t<\/div>\n\t\t\t\t<\/div>\n\t\t<div class=\"elementor-element elementor-element-52a3438 e-flex e-con-boxed e-con e-parent\" data-id=\"52a3438\" data-element_type=\"container\" data-e-type=\"container\">\n\t\t\t\t\t<div class=\"e-con-inner\">\n\t\t\t\t<div class=\"elementor-element elementor-element-e819ed3 elementor-widget elementor-widget-heading\" data-id=\"e819ed3\" data-element_type=\"widget\" data-e-type=\"widget\" data-widget_type=\"heading.default\">\n\t\t\t\t\t<h2 class=\"elementor-heading-title elementor-size-default\">Choisissez votre rythme. Nous nous occupons du reste. <\/h2>\t\t\t\t<\/div>\n\t\t\t\t<div class=\"elementor-element elementor-element-2a5d504 elementor-widget elementor-widget-text-editor\" data-id=\"2a5d504\" data-element_type=\"widget\" data-e-type=\"widget\" data-widget_type=\"text-editor.default\">\n\t\t\t\t\t\t\t\t\t<p style=\"text-align: center;\">San Pedro de Atacama se savoure mieux lorsque l\u2019on voyage avec calme et avec tout bien organis\u00e9.<br>D\u00e9couvrez les 3 options, comparez-les et choisissez celle qui vous correspond le mieux.<br>Si vous avez la moindre question, \u00e9crivez-nous et nous vous orienterons rapidement.  <\/p>\t\t\t\t\t\t\t\t<\/div>\n\t\t\t\t\t<\/div>\n\t\t\t\t<\/div>\n\t\t\t\t<\/div>\n\t\t","protected":false},"excerpt":{"rendered":"<p>Trois fa\u00e7ons de vivre San Pedro de Atacama, selon votre style et votre budget : d\u2019un voyage con\u00e7u avec vous aux excursions classiques pour d\u00e9couvrir les incontournables.<\/p>\n","protected":false},"author":1,"featured_media":0,"parent":0,"menu_order":0,"comment_status":"closed","ping_status":"closed","template":"","meta":{"footnotes":""},"folder":[],"class_list":["post-3373","page","type-page","status-publish","hentry"],"blocksy_meta":[],"_links":{"self":[{"href":"https:\/\/www.jatunmayo.com\/fr\/wp-json\/wp\/v2\/pages\/3373","targetHints":{"allow":["GET"]}}],"collection":[{"href":"https:\/\/www.jatunmayo.com\/fr\/wp-json\/wp\/v2\/pages"}],"about":[{"href":"https:\/\/www.jatunmayo.com\/fr\/wp-json\/wp\/v2\/types\/page"}],"author":[{"embeddable":true,"href":"https:\/\/www.jatunmayo.com\/fr\/wp-json\/wp\/v2\/users\/1"}],"replies":[{"embeddable":true,"href":"https:\/\/www.jatunmayo.com\/fr\/wp-json\/wp\/v2\/comments?post=3373"}],"version-history":[{"count":1,"href":"https:\/\/www.jatunmayo.com\/fr\/wp-json\/wp\/v2\/pages\/3373\/revisions"}],"predecessor-version":[{"id":3374,"href":"https:\/\/www.jatunmayo.com\/fr\/wp-json\/wp\/v2\/pages\/3373\/revisions\/3374"}],"wp:attachment":[{"href":"https:\/\/www.jatunmayo.com\/fr\/wp-json\/wp\/v2\/media?parent=3373"}],"wp:term":[{"taxonomy":"folder","embeddable":true,"href":"https:\/\/www.jatunmayo.com\/fr\/wp-json\/wp\/v2\/folder?post=3373"}],"curies":[{"name":"wp","href":"https:\/\/api.w.org\/{rel}","templated":true}]}}