{"id":3328,"date":"2026-05-03T09:52:30","date_gmt":"2026-05-03T13:52:30","guid":{"rendered":"https:\/\/www.jatunmayo.com\/merci-voyages-prives\/"},"modified":"2026-05-04T00:24:00","modified_gmt":"2026-05-04T04:24:00","slug":"merci-voyages-prives","status":"publish","type":"page","link":"https:\/\/www.jatunmayo.com\/fr\/merci-voyages-prives\/","title":{"rendered":"Merci voyages priv\u00e9s"},"content":{"rendered":"\t\t<div data-elementor-type=\"wp-page\" data-elementor-id=\"3328\" class=\"elementor elementor-3328 elementor-3049\" data-elementor-post-type=\"page\">\n\t\t\t\t<div class=\"elementor-element elementor-element-80a0da9 e-flex e-con-boxed e-con e-parent\" data-id=\"80a0da9\" data-element_type=\"container\" data-e-type=\"container\">\n\t\t\t\t\t<div class=\"e-con-inner\">\n\t\t\t\t<div class=\"elementor-element elementor-element-70825d2 elementor-widget elementor-widget-heading\" data-id=\"70825d2\" data-element_type=\"widget\" data-e-type=\"widget\" data-widget_type=\"heading.default\">\n\t\t\t\t\t<h1 class=\"elementor-heading-title elementor-size-default\">MERCI. VOTRE DEMANDE A \u00c9T\u00c9 ENVOY\u00c9E AVEC SUCC\u00c8S. <\/h1>\t\t\t\t<\/div>\n\t\t\t\t<div class=\"elementor-element elementor-element-8bc3f0e elementor-widget elementor-widget-heading\" data-id=\"8bc3f0e\" data-element_type=\"widget\" data-e-type=\"widget\" data-widget_type=\"heading.default\">\n\t\t\t\t\t<h2 class=\"elementor-heading-title elementor-size-default\">Vous avez franchi la premi\u00e8re \u00e9tape pour concevoir un voyage priv\u00e9 \u00e0 San Pedro de Atacama avec sens, calme et bonne planification.<\/h2>\t\t\t\t<\/div>\n\t\t\t\t<div class=\"elementor-element elementor-element-51e186b elementor-widget elementor-widget-text-editor\" data-id=\"51e186b\" data-element_type=\"widget\" data-e-type=\"widget\" data-widget_type=\"text-editor.default\">\n\t\t\t\t\t\t\t\t\t<p>Nous avons re\u00e7u vos informations et nous allons maintenant examiner vos dates, le nombre de personnes, le style de voyage, le rythme id\u00e9al et vos pr\u00e9f\u00e9rences.<\/p>\t\t\t\t\t\t\t\t<\/div>\n\t\t\t\t<div class=\"elementor-element elementor-element-1e0deb7 elementor-widget elementor-widget-text-editor\" data-id=\"1e0deb7\" data-element_type=\"widget\" data-e-type=\"widget\" data-widget_type=\"text-editor.default\">\n\t\t\t\t\t\t\t\t\t<p style=\"text-align: center;\">Notre objectif n&rsquo;est pas de vous vendre un tour de plus.<br data-start=\"429\" data-end=\"432\">Notre objectif est de comprendre si nous pouvons vous aider \u00e0 cr\u00e9er une exp\u00e9rience priv\u00e9e qui corresponde r\u00e9ellement \u00e0 ce que vous recherchez.<\/p>\t\t\t\t\t\t\t\t<\/div>\n\t\t\t\t\t<\/div>\n\t\t\t\t<\/div>\n\t\t<div class=\"elementor-element elementor-element-64ad8cf e-flex e-con-boxed e-con e-parent\" data-id=\"64ad8cf\" data-element_type=\"container\" data-e-type=\"container\">\n\t\t\t\t\t<div class=\"e-con-inner\">\n\t\t\t\t<div class=\"elementor-element elementor-element-9775395 elementor-widget elementor-widget-heading\" data-id=\"9775395\" data-element_type=\"widget\" data-e-type=\"widget\" data-widget_type=\"heading.default\">\n\t\t\t\t\t<h2 class=\"elementor-heading-title elementor-size-default\">Que se passe-t-il maintenant ?<\/h2>\t\t\t\t<\/div>\n\t\t\t\t<div class=\"elementor-element elementor-element-e951a5b elementor-widget elementor-widget-text-editor\" data-id=\"e951a5b\" data-element_type=\"widget\" data-e-type=\"widget\" data-widget_type=\"text-editor.default\">\n\t\t\t\t\t\t\t\t\t<p data-start=\"587\" data-end=\"687\">Dans les prochaines heures, nous examinerons votre demande et vous contacterons par WhatsApp ou par e-mail.<\/p><p data-start=\"689\" data-end=\"786\">Si votre voyage correspond \u00e0 notre type d&rsquo;exp\u00e9rience, nous vous enverrons une <strong data-start=\"758\" data-end=\"781\">orientation initiale<\/strong> avec :<\/p><ul data-start=\"788\" data-end=\"928\"><li data-section-id=\"1xu6az6\" data-start=\"788\" data-end=\"821\">Dur\u00e9e recommand\u00e9e du voyage.<\/li><li data-section-id=\"1dkj4ss\" data-start=\"822\" data-end=\"853\">Type d&rsquo;exp\u00e9rience sugg\u00e9r\u00e9.<\/li><li data-section-id=\"184dgkf\" data-start=\"854\" data-end=\"884\">Fourchette estim\u00e9e d&rsquo;investissement.<\/li><li data-section-id=\"ms4goh\" data-start=\"885\" data-end=\"928\">Prochaine \u00e9tape pour avancer avec la r\u00e9servation.<\/li><\/ul>\t\t\t\t\t\t\t\t<\/div>\n\t\t\t\t\t<\/div>\n\t\t\t\t<\/div>\n\t\t<div class=\"elementor-element elementor-element-ab32f1b e-flex e-con-boxed e-con e-parent\" data-id=\"ab32f1b\" data-element_type=\"container\" data-e-type=\"container\">\n\t\t\t\t\t<div class=\"e-con-inner\">\n\t\t\t\t<div class=\"elementor-element elementor-element-9d640cb elementor-widget elementor-widget-heading\" data-id=\"9d640cb\" data-element_type=\"widget\" data-e-type=\"widget\" data-widget_type=\"heading.default\">\n\t\t\t\t\t<h2 class=\"elementor-heading-title elementor-size-default\">Important<\/h2>\t\t\t\t<\/div>\n\t\t\t\t<div class=\"elementor-element elementor-element-bf8dc40 elementor-widget elementor-widget-text-editor\" data-id=\"bf8dc40\" data-element_type=\"widget\" data-e-type=\"widget\" data-widget_type=\"text-editor.default\">\n\t\t\t\t\t\t\t\t\t<p data-start=\"950\" data-end=\"1005\">Ce formulaire <strong data-start=\"966\" data-end=\"1004\">ne confirme pas une r\u00e9servation automatique<\/strong>.<\/p><p data-start=\"1007\" data-end=\"1143\">La r\u00e9servation n&rsquo;est confirm\u00e9e qu&rsquo;apr\u00e8s v\u00e9rification de la disponibilit\u00e9, acceptation des conditions du voyage et versement de l&rsquo;acompte correspondant.<\/p><p data-start=\"1145\" data-end=\"1312\">La proposition d\u00e9taill\u00e9e, avec itin\u00e9raire complet, ordre des jours, horaires et logistique, est remise une fois l&rsquo;int\u00e9r\u00eat r\u00e9el confirm\u00e9 et l&rsquo;acompte de r\u00e9servation vers\u00e9.<\/p><p data-start=\"1314\" data-end=\"1435\">Nous pr\u00e9f\u00e9rons travailler avec des voyageurs qui valorisent la conception, le rythme et l&rsquo;exp\u00e9rience compl\u00e8te, pas seulement une liste de lieux.<\/p>\t\t\t\t\t\t\t\t<\/div>\n\t\t\t\t\t<\/div>\n\t\t\t\t<\/div>\n\t\t<div class=\"elementor-element elementor-element-45ba7df e-flex e-con-boxed e-con e-parent\" data-id=\"45ba7df\" data-element_type=\"container\" data-e-type=\"container\">\n\t\t\t\t\t<div class=\"e-con-inner\">\n\t\t\t\t<div class=\"elementor-element elementor-element-20d78b7 elementor-widget elementor-widget-heading\" data-id=\"20d78b7\" data-element_type=\"widget\" data-e-type=\"widget\" data-widget_type=\"heading.default\">\n\t\t\t\t\t<h2 class=\"elementor-heading-title elementor-size-default\">Pendant que nous examinons votre demande<\/h2>\t\t\t\t<\/div>\n\t\t\t\t<div class=\"elementor-element elementor-element-74b42d1 elementor-widget elementor-widget-text-editor\" data-id=\"74b42d1\" data-element_type=\"widget\" data-e-type=\"widget\" data-widget_type=\"text-editor.default\">\n\t\t\t\t\t\t\t\t\t<p data-start=\"1478\" data-end=\"1507\">Nous vous recommandons d&rsquo;avoir \u00e0 port\u00e9e de main :<\/p><ul data-start=\"1509\" data-end=\"1736\"><li data-section-id=\"w8gqx4\" data-start=\"1509\" data-end=\"1548\">Dates r\u00e9elles ou approximatives du voyage.<\/li><li data-section-id=\"1dfocfn\" data-start=\"1549\" data-end=\"1583\">Nombre d\u00e9finitif de personnes.<\/li><li data-section-id=\"xedaur\" data-start=\"1584\" data-end=\"1611\">Vols, si vous les avez d\u00e9j\u00e0.<\/li><li data-section-id=\"ihmp7m\" data-start=\"1612\" data-end=\"1644\">H\u00e9bergement, si vous avez d\u00e9j\u00e0 r\u00e9serv\u00e9.<\/li><li data-section-id=\"1p4wung\" data-start=\"1645\" data-end=\"1682\">Budget approximatif par personne.<\/li><li data-section-id=\"j93cew\" data-start=\"1683\" data-end=\"1736\">Lieux que vous r\u00eavez de d\u00e9couvrir \u00e0 San Pedro de Atacama.<\/li><\/ul><p data-start=\"1738\" data-end=\"1803\">Cela nous aidera \u00e0 mieux vous orienter et \u00e0 avancer avec plus de clart\u00e9.<\/p>\t\t\t\t\t\t\t\t<\/div>\n\t\t\t\t\t<\/div>\n\t\t\t\t<\/div>\n\t\t<div class=\"elementor-element elementor-element-0375e7d e-flex e-con-boxed e-con e-parent\" data-id=\"0375e7d\" data-element_type=\"container\" data-e-type=\"container\">\n\t\t\t\t\t<div class=\"e-con-inner\">\n\t\t\t\t<div class=\"elementor-element elementor-element-310a2ad elementor-widget elementor-widget-heading\" data-id=\"310a2ad\" data-element_type=\"widget\" data-e-type=\"widget\" data-widget_type=\"heading.default\">\n\t\t\t\t\t<h2 class=\"elementor-heading-title elementor-size-default\">Une id\u00e9e importante avant de continuer<\/h2>\t\t\t\t<\/div>\n\t\t\t\t<div class=\"elementor-element elementor-element-64fbaaa elementor-widget elementor-widget-text-editor\" data-id=\"64fbaaa\" data-element_type=\"widget\" data-e-type=\"widget\" data-widget_type=\"text-editor.default\">\n\t\t\t\t\t\t\t\t\t<p data-start=\"1850\" data-end=\"1912\">San Pedro de Atacama ne se vit pas mieux en essayant de tout faire.<\/p><p data-start=\"1914\" data-end=\"2069\">Il se vit mieux lorsque le voyage est bien pens\u00e9 :<br data-start=\"1962\" data-end=\"1965\">avec le bon ordre, le rythme ad\u00e9quat, une bonne logistique et suffisamment de temps pour profiter sans se presser.<\/p><p data-start=\"2071\" data-end=\"2189\">C&rsquo;est pourquoi nous concevons des voyages priv\u00e9s pour les personnes qui souhaitent vivre Atacama avec plus de calme, plus d&rsquo;intimit\u00e9 et plus de sens.<\/p>\t\t\t\t\t\t\t\t<\/div>\n\t\t\t\t\t<\/div>\n\t\t\t\t<\/div>\n\t\t<div class=\"elementor-element elementor-element-db8ffd7 e-flex e-con-boxed e-con e-parent\" data-id=\"db8ffd7\" data-element_type=\"container\" data-e-type=\"container\">\n\t\t\t\t\t<div class=\"e-con-inner\">\n\t\t\t\t<div class=\"elementor-element elementor-element-ec7952d elementor-widget elementor-widget-heading\" data-id=\"ec7952d\" data-element_type=\"widget\" data-e-type=\"widget\" data-widget_type=\"heading.default\">\n\t\t\t\t\t<h2 class=\"elementor-heading-title elementor-size-default\">Merci de faire confiance \u00e0 Jatun Mayo Experience.<\/h2>\t\t\t\t<\/div>\n\t\t\t\t<div class=\"elementor-element elementor-element-156345e elementor-widget elementor-widget-text-editor\" data-id=\"156345e\" data-element_type=\"widget\" data-e-type=\"widget\" data-widget_type=\"text-editor.default\">\n\t\t\t\t\t\t\t\t\t<p data-start=\"2520\" data-end=\"2690\">Si votre voyage correspond \u00e0 notre fa\u00e7on de travailler, nous ferons tout notre possible pour vous aider \u00e0 vivre San Pedro de Atacama d&rsquo;une mani\u00e8re plus priv\u00e9e, plus humaine et mieux pens\u00e9e.<\/p><p data-start=\"2692\" data-end=\"2755\" data-is-last-node=\"\" data-is-only-node=\"\">Parce qu&rsquo;un tel voyage ne s&rsquo;improvise pas.<br data-start=\"2728\" data-end=\"2731\">Il se con\u00e7oit avec intention.<\/p>\t\t\t\t\t\t\t\t<\/div>\n\t\t\t\t\t<\/div>\n\t\t\t\t<\/div>\n\t\t\t\t<\/div>\n\t\t","protected":false},"excerpt":{"rendered":"<p>MERCI. VOTRE DEMANDE A \u00c9T\u00c9 ENVOY\u00c9E AVEC SUCC\u00c8S. Vous avez franchi la premi\u00e8re \u00e9tape pour concevoir un voyage priv\u00e9 \u00e0 San Pedro de Atacama avec sens, calme et bonne planification. Nous avons re\u00e7u vos informations et nous allons maintenant examiner vos dates, le nombre de personnes, le style de voyage, le rythme id\u00e9al et vos [&hellip;]<\/p>\n","protected":false},"author":1,"featured_media":0,"parent":0,"menu_order":0,"comment_status":"closed","ping_status":"closed","template":"","meta":{"footnotes":""},"folder":[],"class_list":["post-3328","page","type-page","status-publish","hentry"],"blocksy_meta":[],"_links":{"self":[{"href":"https:\/\/www.jatunmayo.com\/fr\/wp-json\/wp\/v2\/pages\/3328","targetHints":{"allow":["GET"]}}],"collection":[{"href":"https:\/\/www.jatunmayo.com\/fr\/wp-json\/wp\/v2\/pages"}],"about":[{"href":"https:\/\/www.jatunmayo.com\/fr\/wp-json\/wp\/v2\/types\/page"}],"author":[{"embeddable":true,"href":"https:\/\/www.jatunmayo.com\/fr\/wp-json\/wp\/v2\/users\/1"}],"replies":[{"embeddable":true,"href":"https:\/\/www.jatunmayo.com\/fr\/wp-json\/wp\/v2\/comments?post=3328"}],"version-history":[{"count":1,"href":"https:\/\/www.jatunmayo.com\/fr\/wp-json\/wp\/v2\/pages\/3328\/revisions"}],"predecessor-version":[{"id":3329,"href":"https:\/\/www.jatunmayo.com\/fr\/wp-json\/wp\/v2\/pages\/3328\/revisions\/3329"}],"wp:attachment":[{"href":"https:\/\/www.jatunmayo.com\/fr\/wp-json\/wp\/v2\/media?parent=3328"}],"wp:term":[{"taxonomy":"folder","embeddable":true,"href":"https:\/\/www.jatunmayo.com\/fr\/wp-json\/wp\/v2\/folder?post=3328"}],"curies":[{"name":"wp","href":"https:\/\/api.w.org\/{rel}","templated":true}]}}