{"id":3189,"date":"2026-04-15T00:10:03","date_gmt":"2026-04-15T04:10:03","guid":{"rendered":"https:\/\/www.jatunmayo.com\/merci-voyage-en-petit-groupe\/"},"modified":"2026-05-03T23:36:00","modified_gmt":"2026-05-04T03:36:00","slug":"merci-voyage-en-petit-groupe","status":"publish","type":"page","link":"https:\/\/www.jatunmayo.com\/fr\/merci-voyage-en-petit-groupe\/","title":{"rendered":"Merci voyage en petit groupe"},"content":{"rendered":"\t\t<div data-elementor-type=\"wp-page\" data-elementor-id=\"3189\" class=\"elementor elementor-3189 elementor-2975\" data-elementor-post-type=\"page\">\n\t\t\t\t<div class=\"elementor-element elementor-element-de4a0d6 e-flex e-con-boxed e-con e-parent\" data-id=\"de4a0d6\" data-element_type=\"container\" data-e-type=\"container\" data-settings=\"{&quot;background_background&quot;:&quot;classic&quot;}\">\n\t\t\t\t\t<div class=\"e-con-inner\">\n\t\t\t\t<div class=\"elementor-element elementor-element-6ce02ce elementor-widget elementor-widget-theme-site-logo elementor-widget-image\" data-id=\"6ce02ce\" data-element_type=\"widget\" data-e-type=\"widget\" data-widget_type=\"theme-site-logo.default\">\n\t\t\t\t\t\t\t\t\t\t\t<a href=\"https:\/\/www.jatunmayo.com\/fr\/\">\n\t\t\t<img decoding=\"async\" src=\"https:\/\/www.jatunmayo.com\/wp-content\/uploads\/elementor\/thumbs\/JM_horizontal_color_night-rggpsat8z13ydr01uteamo2ruvhef3ur6vztusu3xw.png\" title=\"Logo Jatun Mayo\" alt=\"Logo Jatun Mayo\" loading=\"lazy\" \/>\t\t\t\t<\/a>\n\t\t\t\t\t\t\t\t\t\t\t<\/div>\n\t\t\t\t\t\t\t<h2 \n\t\tdata-interaction-id=\"06239b7\" \n\t\tclass=\"e-06239b7-36ebf1b e-heading-base\" \n\t\t \n\t\tdata-e-type=\"widget\" data-id=\"06239b7\"\n\t>\n\t\n\t\t\tMerci d\u2019avoir fait le premier pas vers votre voyage \u00e0 Atacama\n\t\t<\/h2>\n\t\t\t\t\t\t\t\t<p class=\"e-c600406-dddf9da e-paragraph-base\" data-interaction-id=\"c600406\"  data-e-type=\"widget\" data-id=\"c600406\">\n\t\t\t\t\t\t\t\tNous avons bien re\u00e7u votre formulaire. Nous allons maintenant examiner votre demande avec attention afin de pr\u00e9server la qualit\u00e9 de l\u2019exp\u00e9rience, le rythme du groupe et confirmer si ce d\u00e9part vous correspond. \n\t\t\t\t\t<\/p>\n\t\t\t\t\t\t\t\t<p class=\"e-06c8c52-4ebb633 e-paragraph-base\" data-interaction-id=\"06c8c52\"  data-e-type=\"widget\" data-id=\"06c8c52\">\n\t\t\t\t\t\t\t\tNous vous contacterons par WhatsApp ou par t\u00e9l\u00e9phone d\u2019ici 24 \u00e0 48 heures.\n\t\t\t\t\t<\/p>\n\t\t\t\t\t<\/div>\n\t\t\t\t<\/div>\n\t\t<div class=\"elementor-element elementor-element-c05b349 e-flex e-con-boxed e-con e-parent\" data-id=\"c05b349\" data-element_type=\"container\" data-e-type=\"container\">\n\t\t\t\t\t<div class=\"e-con-inner\">\n\t\t\t\t\t\t\t<h2 \n\t\tdata-interaction-id=\"c6b969c\" \n\t\tclass=\"e-c6b969c-dee1a73 e-heading-base\" \n\t\t \n\t\tdata-e-type=\"widget\" data-id=\"c6b969c\"\n\t>\n\t\n\t\t\tCela ne vous engage pas encore\n\t\t<\/h2>\n\t\t\t\t<div class=\"elementor-element elementor-element-6f292d7 elementor-widget elementor-widget-text-editor\" data-id=\"6f292d7\" data-element_type=\"widget\" data-e-type=\"widget\" data-widget_type=\"text-editor.default\">\n\t\t\t\t\t\t\t\t\t<p style=\"text-align: center;\">Remplir le formulaire ne garantit pas automatiquement votre place et ne vous oblige pas \u00e0 r\u00e9server. Nous examinons d\u2019abord vos informations pour veiller \u00e0 la coh\u00e9sion du groupe, comprendre votre style de voyage et v\u00e9rifier si cette exp\u00e9rience vous convient r\u00e9ellement. <br data-start=\"5955\" data-end=\"5958\"><strong data-start=\"5958\" data-end=\"6013\">Nous souhaitons que vous r\u00e9serviez en toute clart\u00e9, sans pression.<\/strong><\/p>\t\t\t\t\t\t\t\t<\/div>\n\t\t\t\t\t<\/div>\n\t\t\t\t<\/div>\n\t\t<div class=\"elementor-element elementor-element-d4391f2 e-flex e-con-boxed e-con e-parent\" data-id=\"d4391f2\" data-element_type=\"container\" data-e-type=\"container\">\n\t\t\t\t\t<div class=\"e-con-inner\">\n\t\t\t\t\t\t\t<h2 \n\t\tdata-interaction-id=\"e20d530\" \n\t\tclass=\"e-e20d530-8d23928 e-heading-base\" \n\t\t \n\t\tdata-e-type=\"widget\" data-id=\"e20d530\"\n\t>\n\t\n\t\t\tQue se passe-t-il maintenant ?\n\t\t<\/h2>\n\t\t\t\t\t\t\t<h3 \n\t\tdata-interaction-id=\"3836c43\" \n\t\tclass=\"e-3836c43-f2b42b3 e-heading-base\" \n\t\t \n\t\tdata-e-type=\"widget\" data-id=\"3836c43\"\n\t>\n\t\n\t\t\t1. Nous examinons votre formulaire\n\t\t<\/h3>\n\t\t\t\t<div class=\"elementor-element elementor-element-81eef1f elementor-widget elementor-widget-text-editor\" data-id=\"81eef1f\" data-element_type=\"widget\" data-e-type=\"widget\" data-widget_type=\"text-editor.default\">\n\t\t\t\t\t\t\t\t\t<p style=\"text-align: center;\">Nous le lisons attentivement pour comprendre votre rythme, vos besoins et votre ad\u00e9quation avec l\u2019exp\u00e9rience.<\/p>\t\t\t\t\t\t\t\t<\/div>\n\t\t\t\t\t\t\t<h3 \n\t\tdata-interaction-id=\"d7618db\" \n\t\tclass=\"e-d7618db-900c1e9 e-heading-base\" \n\t\t \n\t\tdata-e-type=\"widget\" data-id=\"d7618db\"\n\t>\n\t\n\t\t\t2. Nous vous contactons\n\t\t<\/h3>\n\t\t\t\t<div class=\"elementor-element elementor-element-0549c1b elementor-widget elementor-widget-text-editor\" data-id=\"0549c1b\" data-element_type=\"widget\" data-e-type=\"widget\" data-widget_type=\"text-editor.default\">\n\t\t\t\t\t\t\t\t\t<p style=\"text-align: center;\">Nous vous \u00e9crivons par WhatsApp ou nous vous appelons pour confirmer la disponibilit\u00e9 et r\u00e9pondre \u00e0 vos questions.<\/p>\t\t\t\t\t\t\t\t<\/div>\n\t\t\t\t\t\t\t<h3 \n\t\tdata-interaction-id=\"1d199c5\" \n\t\tclass=\"e-1d199c5-617922e e-heading-base\" \n\t\t \n\t\tdata-e-type=\"widget\" data-id=\"1d199c5\"\n\t>\n\t\n\t\t\t3. Si une place est disponible et que tout concorde, vous avancez\n\t\t<\/h3>\n\t\t\t\t<div class=\"elementor-element elementor-element-4712b42 elementor-widget elementor-widget-text-editor\" data-id=\"4712b42\" data-element_type=\"widget\" data-e-type=\"widget\" data-widget_type=\"text-editor.default\">\n\t\t\t\t\t\t\t\t\t<p style=\"text-align: center;\">Nous vous envoyons les \u00e9tapes pour r\u00e9server et garantir votre place.<\/p>\t\t\t\t\t\t\t\t<\/div>\n\t\t\t\t\t<\/div>\n\t\t\t\t<\/div>\n\t\t<div class=\"elementor-element elementor-element-78f6d71 e-flex e-con-boxed e-con e-parent\" data-id=\"78f6d71\" data-element_type=\"container\" data-e-type=\"container\">\n\t\t\t\t\t<div class=\"e-con-inner\">\n\t\t\t\t\t\t\t<h2 \n\t\tdata-interaction-id=\"5f3c599\" \n\t\tclass=\"e-5f3c599-885acc3 e-heading-base\" \n\t\t \n\t\tdata-e-type=\"widget\" data-id=\"5f3c599\"\n\t>\n\t\n\t\t\tCe voyage ne commence pas \u00e0 votre arriv\u00e9e. Il commence d\u00e8s maintenant. \n\t\t<\/h2>\n\t\t\t\t<div class=\"elementor-element elementor-element-eafb271 elementor-widget elementor-widget-text-editor\" data-id=\"eafb271\" data-element_type=\"widget\" data-e-type=\"widget\" data-widget_type=\"text-editor.default\">\n\t\t\t\t\t\t\t\t\t<p style=\"text-align: center;\">Vous ne vous appr\u00eatez pas \u00e0 faire un simple tour de plus.<\/p><p style=\"text-align: center;\">Vous vous appr\u00eatez \u00e0 vivre une exp\u00e9rience con\u00e7ue pour d\u00e9couvrir San Pedro avec plus de calme, un meilleur rythme et la s\u00e9r\u00e9nit\u00e9 de savoir que l\u2019essentiel est d\u00e9j\u00e0 pris en charge.<br data-start=\"6656\" data-end=\"6659\">L\u2019id\u00e9e n\u2019est pas de courir apr\u00e8s un itin\u00e9raire. L\u2019id\u00e9e est de bien vivre le voyage. <\/p>\t\t\t\t\t\t\t\t<\/div>\n\t\t\t\t\t<\/div>\n\t\t\t\t<\/div>\n\t\t<div class=\"elementor-element elementor-element-1b0c45d e-flex e-con-boxed e-con e-parent\" data-id=\"1b0c45d\" data-element_type=\"container\" data-e-type=\"container\">\n\t\t\t\t\t<div class=\"e-con-inner\">\n\t\t\t\t\t\t\t<h2 \n\t\tdata-interaction-id=\"59b57a0\" \n\t\tclass=\"e-59b57a0-2cda05e e-heading-base\" \n\t\t \n\t\tdata-e-type=\"widget\" data-id=\"59b57a0\"\n\t>\n\t\n\t\t\tR\u00e9sum\u00e9 rapide\n\t\t<\/h2>\n\t\t\t\t<div class=\"elementor-element elementor-element-17ebed1 elementor-widget elementor-widget-text-editor\" data-id=\"17ebed1\" data-element_type=\"widget\" data-e-type=\"widget\" data-widget_type=\"text-editor.default\">\n\t\t\t\t\t\t\t\t\t<p style=\"text-align: center;\"><strong data-start=\"6756\" data-end=\"6777\">5 jours \/ 4 nuits<\/strong><br data-start=\"6777\" data-end=\"6780\"><strong data-start=\"6780\" data-end=\"6816\">Petit groupe de 6 \u00e0 12 personnes<\/strong><br data-start=\"6816\" data-end=\"6819\"><strong data-start=\"6819\" data-end=\"6853\">Rendez-vous \u00e0 l\u2019a\u00e9roport de Calama<\/strong><br data-start=\"6853\" data-end=\"6856\"><strong data-start=\"6856\" data-end=\"6900\">Voyage con\u00e7u pour \u00eatre v\u00e9cu plus sereinement<\/strong><\/p>\t\t\t\t\t\t\t\t<\/div>\n\t\t\t\t\t<\/div>\n\t\t\t\t<\/div>\n\t\t<div class=\"elementor-element elementor-element-d69502c e-flex e-con-boxed e-con e-parent\" data-id=\"d69502c\" data-element_type=\"container\" data-e-type=\"container\">\n\t\t\t\t\t<div class=\"e-con-inner\">\n\t\t\t\t\t\t\t<h2 \n\t\tdata-interaction-id=\"15c6c99\" \n\t\tclass=\"e-15c6c99-710f302 e-heading-base\" \n\t\t \n\t\tdata-e-type=\"widget\" data-id=\"15c6c99\"\n\t>\n\t\n\t\t\tEn attendant, vous pouvez faire ceci\n\t\t<\/h2>\n\t\t\t\t<div class=\"elementor-element elementor-element-6c1ec25 elementor-widget elementor-widget-text-editor\" data-id=\"6c1ec25\" data-element_type=\"widget\" data-e-type=\"widget\" data-widget_type=\"text-editor.default\">\n\t\t\t\t\t\t\t\t\t<ul><li data-section-id=\"1wxgcyj\" data-start=\"4559\" data-end=\"4602\">Consulter \u00e0 nouveau les d\u00e9tails du voyage<\/li><li data-section-id=\"ge9dji\" data-start=\"4603\" data-end=\"4640\">Lire ce qui est inclus et ce qui ne l\u2019est pas<\/li><li data-section-id=\"h6em4a\" data-start=\"4641\" data-end=\"4689\">Enregistrer notre num\u00e9ro WhatsApp pour rester attentif\/ve<\/li><li data-section-id=\"tff6yw\" data-start=\"4690\" data-end=\"4751\">Pr\u00e9parer toute question que vous souhaiteriez poser lors de notre \u00e9change<\/li><\/ul>\t\t\t\t\t\t\t\t<\/div>\n\t\t\t\t<div class=\"elementor-element elementor-element-ffab6d7 elementor-align-center elementor-widget elementor-widget-button\" data-id=\"ffab6d7\" data-element_type=\"widget\" data-e-type=\"widget\" data-widget_type=\"button.default\">\n\t\t\t\t\t\t\t\t\t\t<a class=\"elementor-button elementor-button-link elementor-size-sm\" href=\"https:\/\/www.jatunmayo.com\/fr\/voyages-en-petit-groupe\/\">\n\t\t\t\t\t\t<span class=\"elementor-button-content-wrapper\">\n\t\t\t\t\t\t\t\t\t<span class=\"elementor-button-text\">Revoir les d\u00e9tails du voyage<\/span>\n\t\t\t\t\t<\/span>\n\t\t\t\t\t<\/a>\n\t\t\t\t\t\t\t\t<\/div>\n\t\t\t\t\t<\/div>\n\t\t\t\t<\/div>\n\t\t<div class=\"elementor-element elementor-element-ecf59de e-flex e-con-boxed e-con e-parent\" data-id=\"ecf59de\" data-element_type=\"container\" data-e-type=\"container\">\n\t\t\t\t\t<div class=\"e-con-inner\">\n\t\t\t\t\t<\/div>\n\t\t\t\t<\/div>\n\t\t\t\t<\/div>\n\t\t","protected":false},"excerpt":{"rendered":"<p>Merci d\u2019avoir fait le premier pas vers votre voyage \u00e0 Atacama Nous avons bien re\u00e7u votre formulaire. Nous allons maintenant examiner votre demande avec attention afin de pr\u00e9server la qualit\u00e9 de l\u2019exp\u00e9rience, le rythme du groupe et confirmer si ce d\u00e9part vous correspond. Nous vous contacterons par WhatsApp ou par t\u00e9l\u00e9phone d\u2019ici 24 \u00e0 48 [&hellip;]<\/p>\n","protected":false},"author":1,"featured_media":0,"parent":0,"menu_order":0,"comment_status":"closed","ping_status":"closed","template":"","meta":{"footnotes":""},"folder":[],"class_list":["post-3189","page","type-page","status-publish","hentry"],"blocksy_meta":{"disable_header":"yes","disable_footer":"yes","styles_descriptor":{"styles":{"desktop":"","tablet":"","mobile":""},"google_fonts":[],"version":6}},"_links":{"self":[{"href":"https:\/\/www.jatunmayo.com\/fr\/wp-json\/wp\/v2\/pages\/3189","targetHints":{"allow":["GET"]}}],"collection":[{"href":"https:\/\/www.jatunmayo.com\/fr\/wp-json\/wp\/v2\/pages"}],"about":[{"href":"https:\/\/www.jatunmayo.com\/fr\/wp-json\/wp\/v2\/types\/page"}],"author":[{"embeddable":true,"href":"https:\/\/www.jatunmayo.com\/fr\/wp-json\/wp\/v2\/users\/1"}],"replies":[{"embeddable":true,"href":"https:\/\/www.jatunmayo.com\/fr\/wp-json\/wp\/v2\/comments?post=3189"}],"version-history":[{"count":1,"href":"https:\/\/www.jatunmayo.com\/fr\/wp-json\/wp\/v2\/pages\/3189\/revisions"}],"predecessor-version":[{"id":3190,"href":"https:\/\/www.jatunmayo.com\/fr\/wp-json\/wp\/v2\/pages\/3189\/revisions\/3190"}],"wp:attachment":[{"href":"https:\/\/www.jatunmayo.com\/fr\/wp-json\/wp\/v2\/media?parent=3189"}],"wp:term":[{"taxonomy":"folder","embeddable":true,"href":"https:\/\/www.jatunmayo.com\/fr\/wp-json\/wp\/v2\/folder?post=3189"}],"curies":[{"name":"wp","href":"https:\/\/api.w.org\/{rel}","templated":true}]}}