{"id":3371,"date":"2026-03-03T15:24:51","date_gmt":"2026-03-03T18:24:51","guid":{"rendered":"https:\/\/www.jatunmayo.com\/reisen-und-touren\/"},"modified":"2026-05-06T15:31:10","modified_gmt":"2026-05-06T19:31:10","slug":"reisen-und-touren","status":"publish","type":"page","link":"https:\/\/www.jatunmayo.com\/de\/reisen-und-touren\/","title":{"rendered":"Reisen und Touren"},"content":{"rendered":"\t\t<div data-elementor-type=\"wp-page\" data-elementor-id=\"3371\" class=\"elementor elementor-3371 elementor-2772\" data-elementor-post-type=\"page\">\n\t\t\t\t<div class=\"elementor-element elementor-element-1642065 e-flex e-con-boxed e-con e-parent\" data-id=\"1642065\" data-element_type=\"container\" data-e-type=\"container\">\n\t\t\t\t\t<div class=\"e-con-inner\">\n\t\t\t\t<div class=\"elementor-element elementor-element-a978843 elementor-widget elementor-widget-heading\" data-id=\"a978843\" data-element_type=\"widget\" data-e-type=\"widget\" data-widget_type=\"heading.default\">\n\t\t\t\t\t<h1 class=\"elementor-heading-title elementor-size-default\">Drei Arten, San Pedro de Atacama zu erleben \u2013 je nach deinem Stil und Budget<\/h1>\t\t\t\t<\/div>\n\t\t\t\t\t<\/div>\n\t\t\t\t<\/div>\n\t\t<div class=\"elementor-element elementor-element-49ab034 e-flex e-con-boxed e-con e-parent\" data-id=\"49ab034\" data-element_type=\"container\" data-e-type=\"container\">\n\t\t\t\t\t<div class=\"e-con-inner\">\n\t\t\t\t<div class=\"elementor-element elementor-element-d3b62ce elementor-widget elementor-widget-text-editor\" data-id=\"d3b62ce\" data-element_type=\"widget\" data-e-type=\"widget\" data-widget_type=\"text-editor.default\">\n\t\t\t\t\t\t\t\t\t<p>In San Pedro de Atacama gibt es nicht nur eine einzige Art, gut zu reisen. Es gibt die Art, die zu dir passt.<br>Deshalb haben wir 3 M\u00f6glichkeiten geschaffen, die W\u00fcste zu erleben, je nach deinem Stil, deinem Tempo und deinem Budget.<br>Wenn du etwas komplett Pers\u00f6nliches suchst, gestalten wir gemeinsam mit dir eine ma\u00dfgeschneiderte Privatreise, bei der jedes Detail sorgf\u00e4ltig geplant wird, damit du ohne Stress genie\u00dfen kannst.<br>Wenn du die Erfahrung lieber teilen m\u00f6chtest, gibt es die Option einer privaten Kleingruppenreise: eine kleine, gut betreute Gruppe mit menschlichem Rhythmus und ohne Massentourismus.<br>Und wenn du etwas Einfacheres und Zug\u00e4nglicheres suchst, bieten wir auch klassische Touren an, um die Highlights von San Pedro de Atacama bequem, sicher und zu einem guten Preis kennenzulernen.<br>W\u00e4hle deine Art zu reisen\u2026 und wir k\u00fcmmern uns darum, dass sie sich wirklich gut anf\u00fchlt.     <\/p>\t\t\t\t\t\t\t\t<\/div>\n\t\t\t\t\t<\/div>\n\t\t\t\t<\/div>\n\t\t<div class=\"elementor-element elementor-element-eea326a e-flex e-con-boxed e-con e-parent\" data-id=\"eea326a\" data-element_type=\"container\" data-e-type=\"container\">\n\t\t\t\t\t<div class=\"e-con-inner\">\n\t\t\t\t<div class=\"elementor-element elementor-element-e7c8b27 elementor-cta--skin-classic elementor-animated-content elementor-bg-transform elementor-bg-transform-zoom-in elementor-widget elementor-widget-call-to-action\" data-id=\"e7c8b27\" data-element_type=\"widget\" data-e-type=\"widget\" data-widget_type=\"call-to-action.default\">\n\t\t\t\t\t\t\t<a class=\"elementor-cta\" href=\"https:\/\/www.jatunmayo.com\/de\/massgeschneiderte-privatreisen\/\">\n\t\t\t\t\t<div class=\"elementor-cta__bg-wrapper\">\n\t\t\t\t<div class=\"elementor-cta__bg elementor-bg\" style=\"background-image: url(https:\/\/www.jatunmayo.com\/wp-content\/uploads\/scenic-view-rock-formation-against-clear-blue-sky-scaled.webp);\" role=\"img\" aria-label=\"Atacama-W\u00fcste\"><\/div>\n\t\t\t\t<div class=\"elementor-cta__bg-overlay\"><\/div>\n\t\t\t<\/div>\n\t\t\t\t\t\t\t<div class=\"elementor-cta__content\">\n\t\t\t\t\n\t\t\t\t\t\t\t\t\t<h2 class=\"elementor-cta__title elementor-cta__content-item elementor-content-item\">\n\t\t\t\t\t\tMa\u00dfgeschneiderte Privatreise\t\t\t\t\t<\/h2>\n\t\t\t\t\n\t\t\t\t\t\t\t\t\t<div class=\"elementor-cta__description elementor-cta__content-item elementor-content-item\">\n\t\t\t\t\t\tHochwertig und personalisiert.\t\t\t\t\t<\/div>\n\t\t\t\t\n\t\t\t\t\t\t\t\t\t<div class=\"elementor-cta__button-wrapper elementor-cta__content-item elementor-content-item \">\n\t\t\t\t\t<span class=\"elementor-cta__button elementor-button elementor-size-\">\n\t\t\t\t\t\tEntdecke, wie es funktioniert\t\t\t\t\t<\/span>\n\t\t\t\t\t<\/div>\n\t\t\t\t\t\t\t<\/div>\n\t\t\t\t\t\t\t<div class=\"elementor-ribbon\">\n\t\t\t\t<div class=\"elementor-ribbon-inner\">\n\t\t\t\t\texclusividad\t\t\t\t<\/div>\n\t\t\t<\/div>\n\t\t\t\t<\/a>\n\t\t\t\t\t\t<\/div>\n\t\t\t\t\t<\/div>\n\t\t\t\t<\/div>\n\t\t<div class=\"elementor-element elementor-element-f62d898 e-flex e-con-boxed e-con e-parent\" data-id=\"f62d898\" data-element_type=\"container\" data-e-type=\"container\">\n\t\t\t\t\t<div class=\"e-con-inner\">\n\t\t\t\t<div class=\"elementor-element elementor-element-fa6bde5 elementor-cta--skin-classic elementor-animated-content elementor-bg-transform elementor-bg-transform-zoom-in elementor-widget elementor-widget-call-to-action\" data-id=\"fa6bde5\" data-element_type=\"widget\" data-e-type=\"widget\" data-widget_type=\"call-to-action.default\">\n\t\t\t\t\t\t\t<a class=\"elementor-cta\" href=\"https:\/\/www.jatunmayo.com\/de\/kleingruppenreisen\/\">\n\t\t\t\t\t<div class=\"elementor-cta__bg-wrapper\">\n\t\t\t\t<div class=\"elementor-cta__bg elementor-bg\" style=\"background-image: url(https:\/\/www.jatunmayo.com\/wp-content\/uploads\/Personas-en-el-desierto-1024x683.webp);\" role=\"img\" aria-label=\"Menschen in der W\u00fcste\"><\/div>\n\t\t\t\t<div class=\"elementor-cta__bg-overlay\"><\/div>\n\t\t\t<\/div>\n\t\t\t\t\t\t\t<div class=\"elementor-cta__content\">\n\t\t\t\t\n\t\t\t\t\t\t\t\t\t<h2 class=\"elementor-cta__title elementor-cta__content-item elementor-content-item\">\n\t\t\t\t\t\tKleingruppenreise\t\t\t\t\t<\/h2>\n\t\t\t\t\n\t\t\t\t\t\t\t\t\t<div class=\"elementor-cta__description elementor-cta__content-item elementor-content-item\">\n\t\t\t\t\t\tGruppe von 6 bis 12 Personen.\t\t\t\t\t<\/div>\n\t\t\t\t\n\t\t\t\t\t\t\t\t\t<div class=\"elementor-cta__button-wrapper elementor-cta__content-item elementor-content-item \">\n\t\t\t\t\t<span class=\"elementor-cta__button elementor-button elementor-size-\">\n\t\t\t\t\t\tEntdecke, wie es funktioniert\t\t\t\t\t<\/span>\n\t\t\t\t\t<\/div>\n\t\t\t\t\t\t\t<\/div>\n\t\t\t\t\t\t\t<div class=\"elementor-ribbon\">\n\t\t\t\t<div class=\"elementor-ribbon-inner\">\n\t\t\t\t\texclusividad\t\t\t\t<\/div>\n\t\t\t<\/div>\n\t\t\t\t<\/a>\n\t\t\t\t\t\t<\/div>\n\t\t\t\t\t<\/div>\n\t\t\t\t<\/div>\n\t\t<div class=\"elementor-element elementor-element-44db3cb e-flex e-con-boxed e-con e-parent\" data-id=\"44db3cb\" data-element_type=\"container\" data-e-type=\"container\">\n\t\t\t\t\t<div class=\"e-con-inner\">\n\t\t\t\t<div class=\"elementor-element elementor-element-9deea45 elementor-cta--skin-classic elementor-animated-content elementor-bg-transform elementor-bg-transform-zoom-in elementor-widget elementor-widget-call-to-action\" data-id=\"9deea45\" data-element_type=\"widget\" data-e-type=\"widget\" data-widget_type=\"call-to-action.default\">\n\t\t\t\t\t\t\t<div class=\"elementor-cta\">\n\t\t\t\t\t<div class=\"elementor-cta__bg-wrapper\">\n\t\t\t\t<div class=\"elementor-cta__bg elementor-bg\" style=\"background-image: url(https:\/\/www.jatunmayo.com\/wp-content\/uploads\/26903520.webp);\" role=\"img\" aria-label=\"Atacama-W\u00fcste\"><\/div>\n\t\t\t\t<div class=\"elementor-cta__bg-overlay\"><\/div>\n\t\t\t<\/div>\n\t\t\t\t\t\t\t<div class=\"elementor-cta__content\">\n\t\t\t\t\n\t\t\t\t\t\t\t\t\t<h2 class=\"elementor-cta__title elementor-cta__content-item elementor-content-item\">\n\t\t\t\t\t\tKlassische Touren\t\t\t\t\t<\/h2>\n\t\t\t\t\n\t\t\t\t\t\t\t\t\t<div class=\"elementor-cta__description elementor-cta__content-item elementor-content-item\">\n\t\t\t\t\t\tZug\u00e4nglich, g\u00fcnstiger und ohne Exklusivit\u00e4t.\t\t\t\t\t<\/div>\n\t\t\t\t\n\t\t\t\t\t\t\t\t\t<div class=\"elementor-cta__button-wrapper elementor-cta__content-item elementor-content-item \">\n\t\t\t\t\t<a class=\"elementor-cta__button elementor-button elementor-size-\" href=\"https:\/\/www.jatunmayo.com\/de\/jatun-mayo-klassische-touren\/\">\n\t\t\t\t\t\tEntdecke, wie es funktioniert\t\t\t\t\t<\/a>\n\t\t\t\t\t<\/div>\n\t\t\t\t\t\t\t<\/div>\n\t\t\t\t\t\t\t<div class=\"elementor-ribbon\">\n\t\t\t\t<div class=\"elementor-ribbon-inner\">\n\t\t\t\t\tG\u00fcnstig\t\t\t\t<\/div>\n\t\t\t<\/div>\n\t\t\t\t<\/div>\n\t\t\t\t\t\t<\/div>\n\t\t\t\t\t<\/div>\n\t\t\t\t<\/div>\n\t\t<div class=\"elementor-element elementor-element-0219680 e-flex e-con-boxed e-con e-parent\" data-id=\"0219680\" data-element_type=\"container\" data-e-type=\"container\">\n\t\t\t\t\t<div class=\"e-con-inner\">\n\t\t\t\t<div class=\"elementor-element elementor-element-adf5af4 elementor-widget elementor-widget-heading\" data-id=\"adf5af4\" data-element_type=\"widget\" data-e-type=\"widget\" data-widget_type=\"heading.default\">\n\t\t\t\t\t<h2 class=\"elementor-heading-title elementor-size-default\">Deine Ruhe beginnt hier<\/h2>\t\t\t\t<\/div>\n\t\t\t\t<div class=\"elementor-element elementor-element-ae7880a elementor-widget elementor-widget-text-editor\" data-id=\"ae7880a\" data-element_type=\"widget\" data-e-type=\"widget\" data-widget_type=\"text-editor.default\">\n\t\t\t\t\t\t\t\t\t<p style=\"text-align: center;\">Jede Tour ist so geplant, dass du ohne Stress genie\u00dfen kannst: mit guter Organisation, klarer Kommunikation, einem Team mit lokaler Erfahrung und einem Rhythmus, der sich richtig anf\u00fchlt.<br>Au\u00dferdem begleiten wir dich mit den wichtigsten Informationen: H\u00f6henlage, Wetter, Kleidung und Zeiten.<br>Und wenn du Unterst\u00fctzung brauchst, sind wir per WhatsApp f\u00fcr dich da.<\/p>\t\t\t\t\t\t\t\t<\/div>\n\t\t\t\t\t<\/div>\n\t\t\t\t<\/div>\n\t\t<div class=\"elementor-element elementor-element-52a3438 e-flex e-con-boxed e-con e-parent\" data-id=\"52a3438\" data-element_type=\"container\" data-e-type=\"container\">\n\t\t\t\t\t<div class=\"e-con-inner\">\n\t\t\t\t<div class=\"elementor-element elementor-element-e819ed3 elementor-widget elementor-widget-heading\" data-id=\"e819ed3\" data-element_type=\"widget\" data-e-type=\"widget\" data-widget_type=\"heading.default\">\n\t\t\t\t\t<h2 class=\"elementor-heading-title elementor-size-default\">W\u00e4hle dein Tempo. Wir k\u00fcmmern uns um den Rest. <\/h2>\t\t\t\t<\/div>\n\t\t\t\t<div class=\"elementor-element elementor-element-2a5d504 elementor-widget elementor-widget-text-editor\" data-id=\"2a5d504\" data-element_type=\"widget\" data-e-type=\"widget\" data-widget_type=\"text-editor.default\">\n\t\t\t\t\t\t\t\t\t<p style=\"text-align: center;\">San Pedro de Atacama genie\u00dft man am besten, wenn man ruhig reist und alles klar organisiert ist.<br>Sieh dir die 3 Optionen an, vergleiche sie und w\u00e4hle die, die am besten zu dir passt.<br>Wenn du Fragen hast, schreib uns einfach. Wir helfen dir schnell und klar weiter.  <\/p>\t\t\t\t\t\t\t\t<\/div>\n\t\t\t\t\t<\/div>\n\t\t\t\t<\/div>\n\t\t\t\t<\/div>\n\t\t","protected":false},"excerpt":{"rendered":"<p>Drei Arten, San Pedro de Atacama zu erleben \u2013 je nach deinem Stil und Budget: von einer gemeinsam mit dir gestalteten Reise bis hin zu klassischen Touren, um die Highlights kennenzulernen.<\/p>\n","protected":false},"author":1,"featured_media":0,"parent":0,"menu_order":0,"comment_status":"closed","ping_status":"closed","template":"","meta":{"footnotes":""},"folder":[],"class_list":["post-3371","page","type-page","status-publish","hentry"],"blocksy_meta":[],"_links":{"self":[{"href":"https:\/\/www.jatunmayo.com\/de\/wp-json\/wp\/v2\/pages\/3371","targetHints":{"allow":["GET"]}}],"collection":[{"href":"https:\/\/www.jatunmayo.com\/de\/wp-json\/wp\/v2\/pages"}],"about":[{"href":"https:\/\/www.jatunmayo.com\/de\/wp-json\/wp\/v2\/types\/page"}],"author":[{"embeddable":true,"href":"https:\/\/www.jatunmayo.com\/de\/wp-json\/wp\/v2\/users\/1"}],"replies":[{"embeddable":true,"href":"https:\/\/www.jatunmayo.com\/de\/wp-json\/wp\/v2\/comments?post=3371"}],"version-history":[{"count":1,"href":"https:\/\/www.jatunmayo.com\/de\/wp-json\/wp\/v2\/pages\/3371\/revisions"}],"predecessor-version":[{"id":3372,"href":"https:\/\/www.jatunmayo.com\/de\/wp-json\/wp\/v2\/pages\/3371\/revisions\/3372"}],"wp:attachment":[{"href":"https:\/\/www.jatunmayo.com\/de\/wp-json\/wp\/v2\/media?parent=3371"}],"wp:term":[{"taxonomy":"folder","embeddable":true,"href":"https:\/\/www.jatunmayo.com\/de\/wp-json\/wp\/v2\/folder?post=3371"}],"curies":[{"name":"wp","href":"https:\/\/api.w.org\/{rel}","templated":true}]}}