{"id":3324,"date":"2026-05-03T09:52:30","date_gmt":"2026-05-03T13:52:30","guid":{"rendered":"https:\/\/www.jatunmayo.com\/danke-private-reisen\/"},"modified":"2026-05-04T00:23:51","modified_gmt":"2026-05-04T04:23:51","slug":"danke-private-reisen","status":"publish","type":"page","link":"https:\/\/www.jatunmayo.com\/de\/danke-private-reisen\/","title":{"rendered":"Danke \u2013 private Reisen"},"content":{"rendered":"\t\t<div data-elementor-type=\"wp-page\" data-elementor-id=\"3324\" class=\"elementor elementor-3324 elementor-3049\" data-elementor-post-type=\"page\">\n\t\t\t\t<div class=\"elementor-element elementor-element-80a0da9 e-flex e-con-boxed e-con e-parent\" data-id=\"80a0da9\" data-element_type=\"container\" data-e-type=\"container\">\n\t\t\t\t\t<div class=\"e-con-inner\">\n\t\t\t\t<div class=\"elementor-element elementor-element-70825d2 elementor-widget elementor-widget-heading\" data-id=\"70825d2\" data-element_type=\"widget\" data-e-type=\"widget\" data-widget_type=\"heading.default\">\n\t\t\t\t\t<h1 class=\"elementor-heading-title elementor-size-default\">DANKE. IHRE ANFRAGE WURDE ERFOLGREICH GESENDET. <\/h1>\t\t\t\t<\/div>\n\t\t\t\t<div class=\"elementor-element elementor-element-8bc3f0e elementor-widget elementor-widget-heading\" data-id=\"8bc3f0e\" data-element_type=\"widget\" data-e-type=\"widget\" data-widget_type=\"heading.default\">\n\t\t\t\t\t<h2 class=\"elementor-heading-title elementor-size-default\">Sie haben bereits den ersten Schritt gemacht, um eine private Reise nach San Pedro de Atacama zu gestalten \u2013 mit Sinn, Ruhe und guter Planung.<\/h2>\t\t\t\t<\/div>\n\t\t\t\t<div class=\"elementor-element elementor-element-51e186b elementor-widget elementor-widget-text-editor\" data-id=\"51e186b\" data-element_type=\"widget\" data-e-type=\"widget\" data-widget_type=\"text-editor.default\">\n\t\t\t\t\t\t\t\t\t<p>Wir haben Ihre Angaben erhalten und pr\u00fcfen nun Ihre Reisedaten, die Personenzahl, den Reisestil, das ideale Tempo und Ihre Pr\u00e4ferenzen.<\/p>\t\t\t\t\t\t\t\t<\/div>\n\t\t\t\t<div class=\"elementor-element elementor-element-1e0deb7 elementor-widget elementor-widget-text-editor\" data-id=\"1e0deb7\" data-element_type=\"widget\" data-e-type=\"widget\" data-widget_type=\"text-editor.default\">\n\t\t\t\t\t\t\t\t\t<p style=\"text-align: center;\">Unser Ziel ist nicht, Ihnen einfach noch eine Tour zu verkaufen.<br data-start=\"429\" data-end=\"432\">Unser Ziel ist es zu verstehen, ob wir Ihnen helfen k\u00f6nnen, ein privates Erlebnis zu gestalten, das wirklich zu dem passt, was Sie suchen.<\/p>\t\t\t\t\t\t\t\t<\/div>\n\t\t\t\t\t<\/div>\n\t\t\t\t<\/div>\n\t\t<div class=\"elementor-element elementor-element-64ad8cf e-flex e-con-boxed e-con e-parent\" data-id=\"64ad8cf\" data-element_type=\"container\" data-e-type=\"container\">\n\t\t\t\t\t<div class=\"e-con-inner\">\n\t\t\t\t<div class=\"elementor-element elementor-element-9775395 elementor-widget elementor-widget-heading\" data-id=\"9775395\" data-element_type=\"widget\" data-e-type=\"widget\" data-widget_type=\"heading.default\">\n\t\t\t\t\t<h2 class=\"elementor-heading-title elementor-size-default\">Was passiert als N\u00e4chstes?<\/h2>\t\t\t\t<\/div>\n\t\t\t\t<div class=\"elementor-element elementor-element-e951a5b elementor-widget elementor-widget-text-editor\" data-id=\"e951a5b\" data-element_type=\"widget\" data-e-type=\"widget\" data-widget_type=\"text-editor.default\">\n\t\t\t\t\t\t\t\t\t<p data-start=\"587\" data-end=\"687\">In den n\u00e4chsten Stunden pr\u00fcfen wir Ihre Anfrage und kontaktieren Sie per WhatsApp oder E-Mail.<\/p><p data-start=\"689\" data-end=\"786\">Wenn Ihre Reise zu unserer Art von Erlebnis passt, senden wir Ihnen eine <strong data-start=\"758\" data-end=\"781\">erste Orientierung<\/strong> mit:<\/p><ul data-start=\"788\" data-end=\"928\"><li data-section-id=\"1xu6az6\" data-start=\"788\" data-end=\"821\">Empfohlene Reisedauer.<\/li><li data-section-id=\"1dkj4ss\" data-start=\"822\" data-end=\"853\">Vorgeschlagene Art des Erlebnisses.<\/li><li data-section-id=\"184dgkf\" data-start=\"854\" data-end=\"884\">Gesch\u00e4tzter Investitionsrahmen.<\/li><li data-section-id=\"ms4goh\" data-start=\"885\" data-end=\"928\">N\u00e4chster Schritt, um mit der Buchung fortzufahren.<\/li><\/ul>\t\t\t\t\t\t\t\t<\/div>\n\t\t\t\t\t<\/div>\n\t\t\t\t<\/div>\n\t\t<div class=\"elementor-element elementor-element-ab32f1b e-flex e-con-boxed e-con e-parent\" data-id=\"ab32f1b\" data-element_type=\"container\" data-e-type=\"container\">\n\t\t\t\t\t<div class=\"e-con-inner\">\n\t\t\t\t<div class=\"elementor-element elementor-element-9d640cb elementor-widget elementor-widget-heading\" data-id=\"9d640cb\" data-element_type=\"widget\" data-e-type=\"widget\" data-widget_type=\"heading.default\">\n\t\t\t\t\t<h2 class=\"elementor-heading-title elementor-size-default\">Wichtig<\/h2>\t\t\t\t<\/div>\n\t\t\t\t<div class=\"elementor-element elementor-element-bf8dc40 elementor-widget elementor-widget-text-editor\" data-id=\"bf8dc40\" data-element_type=\"widget\" data-e-type=\"widget\" data-widget_type=\"text-editor.default\">\n\t\t\t\t\t\t\t\t\t<p data-start=\"950\" data-end=\"1005\">Dieses Formular <strong data-start=\"966\" data-end=\"1004\">best\u00e4tigt keine automatische Buchung<\/strong>.<\/p><p data-start=\"1007\" data-end=\"1143\">Die Buchung wird erst best\u00e4tigt, nachdem die Verf\u00fcgbarkeit gepr\u00fcft, die Reisebedingungen akzeptiert und die entsprechende Anzahlung geleistet wurde.<\/p><p data-start=\"1145\" data-end=\"1312\">Der detaillierte Vorschlag mit vollst\u00e4ndigem Reiseplan, Tagesabfolge, Zeiten und Logistik wird bereitgestellt, sobald das ernsthafte Interesse best\u00e4tigt und die Buchungsanzahlung geleistet wurde.<\/p><p data-start=\"1314\" data-end=\"1435\">Wir arbeiten bevorzugt mit Reisenden, die Design, Tempo und das Gesamterlebnis sch\u00e4tzen \u2013 nicht nur eine Liste von Orten.<\/p>\t\t\t\t\t\t\t\t<\/div>\n\t\t\t\t\t<\/div>\n\t\t\t\t<\/div>\n\t\t<div class=\"elementor-element elementor-element-45ba7df e-flex e-con-boxed e-con e-parent\" data-id=\"45ba7df\" data-element_type=\"container\" data-e-type=\"container\">\n\t\t\t\t\t<div class=\"e-con-inner\">\n\t\t\t\t<div class=\"elementor-element elementor-element-20d78b7 elementor-widget elementor-widget-heading\" data-id=\"20d78b7\" data-element_type=\"widget\" data-e-type=\"widget\" data-widget_type=\"heading.default\">\n\t\t\t\t\t<h2 class=\"elementor-heading-title elementor-size-default\">W\u00e4hrend wir Ihre Anfrage pr\u00fcfen<\/h2>\t\t\t\t<\/div>\n\t\t\t\t<div class=\"elementor-element elementor-element-74b42d1 elementor-widget elementor-widget-text-editor\" data-id=\"74b42d1\" data-element_type=\"widget\" data-e-type=\"widget\" data-widget_type=\"text-editor.default\">\n\t\t\t\t\t\t\t\t\t<p data-start=\"1478\" data-end=\"1507\">Wir empfehlen Ihnen, Folgendes bereitzuhalten:<\/p><ul data-start=\"1509\" data-end=\"1736\"><li data-section-id=\"w8gqx4\" data-start=\"1509\" data-end=\"1548\">Konkrete oder ungef\u00e4hre Reisedaten.<\/li><li data-section-id=\"1dfocfn\" data-start=\"1549\" data-end=\"1583\">Endg\u00fcltige Personenzahl.<\/li><li data-section-id=\"xedaur\" data-start=\"1584\" data-end=\"1611\">Fl\u00fcge, falls Sie diese bereits haben.<\/li><li data-section-id=\"ihmp7m\" data-start=\"1612\" data-end=\"1644\">Unterkunft, falls Sie bereits gebucht haben.<\/li><li data-section-id=\"1p4wung\" data-start=\"1645\" data-end=\"1682\">Ungef\u00e4hres Budget pro Person.<\/li><li data-section-id=\"j93cew\" data-start=\"1683\" data-end=\"1736\">Orte, die Sie in San Pedro de Atacama unbedingt kennenlernen m\u00f6chten.<\/li><\/ul><p data-start=\"1738\" data-end=\"1803\">Das hilft uns, Sie besser zu beraten und mit mehr Klarheit weiterzugehen.<\/p>\t\t\t\t\t\t\t\t<\/div>\n\t\t\t\t\t<\/div>\n\t\t\t\t<\/div>\n\t\t<div class=\"elementor-element elementor-element-0375e7d e-flex e-con-boxed e-con e-parent\" data-id=\"0375e7d\" data-element_type=\"container\" data-e-type=\"container\">\n\t\t\t\t\t<div class=\"e-con-inner\">\n\t\t\t\t<div class=\"elementor-element elementor-element-310a2ad elementor-widget elementor-widget-heading\" data-id=\"310a2ad\" data-element_type=\"widget\" data-e-type=\"widget\" data-widget_type=\"heading.default\">\n\t\t\t\t\t<h2 class=\"elementor-heading-title elementor-size-default\">Ein wichtiger Gedanke, bevor Sie weitermachen<\/h2>\t\t\t\t<\/div>\n\t\t\t\t<div class=\"elementor-element elementor-element-64fbaaa elementor-widget elementor-widget-text-editor\" data-id=\"64fbaaa\" data-element_type=\"widget\" data-e-type=\"widget\" data-widget_type=\"text-editor.default\">\n\t\t\t\t\t\t\t\t\t<p data-start=\"1850\" data-end=\"1912\">San Pedro de Atacama erlebt man nicht besser, indem man versucht, alles zu machen.<\/p><p data-start=\"1914\" data-end=\"2069\">Man erlebt es besser, wenn die Reise gut durchdacht ist:<br data-start=\"1962\" data-end=\"1965\">mit der richtigen Reihenfolge, dem passenden Tempo, guter Logistik und gen\u00fcgend Zeit, um zu genie\u00dfen, ohne zu hetzen.<\/p><p data-start=\"2071\" data-end=\"2189\">Deshalb gestalten wir private Reisen f\u00fcr Menschen, die Atacama mit mehr Ruhe, mehr Privatsph\u00e4re und mehr Sinn erleben m\u00f6chten.<\/p>\t\t\t\t\t\t\t\t<\/div>\n\t\t\t\t\t<\/div>\n\t\t\t\t<\/div>\n\t\t<div class=\"elementor-element elementor-element-db8ffd7 e-flex e-con-boxed e-con e-parent\" data-id=\"db8ffd7\" data-element_type=\"container\" data-e-type=\"container\">\n\t\t\t\t\t<div class=\"e-con-inner\">\n\t\t\t\t<div class=\"elementor-element elementor-element-ec7952d elementor-widget elementor-widget-heading\" data-id=\"ec7952d\" data-element_type=\"widget\" data-e-type=\"widget\" data-widget_type=\"heading.default\">\n\t\t\t\t\t<h2 class=\"elementor-heading-title elementor-size-default\">Vielen Dank f\u00fcr Ihr Vertrauen in Jatun Mayo Experience.<\/h2>\t\t\t\t<\/div>\n\t\t\t\t<div class=\"elementor-element elementor-element-156345e elementor-widget elementor-widget-text-editor\" data-id=\"156345e\" data-element_type=\"widget\" data-e-type=\"widget\" data-widget_type=\"text-editor.default\">\n\t\t\t\t\t\t\t\t\t<p data-start=\"2520\" data-end=\"2690\">Wenn Ihre Reise zu unserer Arbeitsweise passt, werden wir alles daransetzen, Ihnen zu helfen, San Pedro de Atacama auf eine privatere, menschlichere und besser durchdachte Weise zu erleben.<\/p><p data-start=\"2692\" data-end=\"2755\" data-is-last-node=\"\" data-is-only-node=\"\">Denn eine solche Reise improvisiert man nicht.<br data-start=\"2728\" data-end=\"2731\">Sie wird mit Absicht gestaltet.<\/p>\t\t\t\t\t\t\t\t<\/div>\n\t\t\t\t\t<\/div>\n\t\t\t\t<\/div>\n\t\t\t\t<\/div>\n\t\t","protected":false},"excerpt":{"rendered":"<p>DANKE. IHRE ANFRAGE WURDE ERFOLGREICH GESENDET. Sie haben bereits den ersten Schritt gemacht, um eine private Reise nach San Pedro de Atacama zu gestalten \u2013 mit Sinn, Ruhe und guter Planung. Wir haben Ihre Angaben erhalten und pr\u00fcfen nun Ihre Reisedaten, die Personenzahl, den Reisestil, das ideale Tempo und Ihre Pr\u00e4ferenzen. Unser Ziel ist nicht, [&hellip;]<\/p>\n","protected":false},"author":1,"featured_media":0,"parent":0,"menu_order":0,"comment_status":"closed","ping_status":"closed","template":"","meta":{"footnotes":""},"folder":[],"class_list":["post-3324","page","type-page","status-publish","hentry"],"blocksy_meta":[],"_links":{"self":[{"href":"https:\/\/www.jatunmayo.com\/de\/wp-json\/wp\/v2\/pages\/3324","targetHints":{"allow":["GET"]}}],"collection":[{"href":"https:\/\/www.jatunmayo.com\/de\/wp-json\/wp\/v2\/pages"}],"about":[{"href":"https:\/\/www.jatunmayo.com\/de\/wp-json\/wp\/v2\/types\/page"}],"author":[{"embeddable":true,"href":"https:\/\/www.jatunmayo.com\/de\/wp-json\/wp\/v2\/users\/1"}],"replies":[{"embeddable":true,"href":"https:\/\/www.jatunmayo.com\/de\/wp-json\/wp\/v2\/comments?post=3324"}],"version-history":[{"count":1,"href":"https:\/\/www.jatunmayo.com\/de\/wp-json\/wp\/v2\/pages\/3324\/revisions"}],"predecessor-version":[{"id":3325,"href":"https:\/\/www.jatunmayo.com\/de\/wp-json\/wp\/v2\/pages\/3324\/revisions\/3325"}],"wp:attachment":[{"href":"https:\/\/www.jatunmayo.com\/de\/wp-json\/wp\/v2\/media?parent=3324"}],"wp:term":[{"taxonomy":"folder","embeddable":true,"href":"https:\/\/www.jatunmayo.com\/de\/wp-json\/wp\/v2\/folder?post=3324"}],"curies":[{"name":"wp","href":"https:\/\/api.w.org\/{rel}","templated":true}]}}