{"id":3193,"date":"2026-04-15T00:10:03","date_gmt":"2026-04-15T04:10:03","guid":{"rendered":"https:\/\/www.jatunmayo.com\/vielen-dank-fuer-ihre-kleingruppenreise\/"},"modified":"2026-05-03T23:36:08","modified_gmt":"2026-05-04T03:36:08","slug":"vielen-dank-fuer-ihre-kleingruppenreise","status":"publish","type":"page","link":"https:\/\/www.jatunmayo.com\/de\/vielen-dank-fuer-ihre-kleingruppenreise\/","title":{"rendered":"Vielen Dank f\u00fcr Ihre Kleingruppenreise"},"content":{"rendered":"\t\t<div data-elementor-type=\"wp-page\" data-elementor-id=\"3193\" class=\"elementor elementor-3193 elementor-2975\" data-elementor-post-type=\"page\">\n\t\t\t\t<div class=\"elementor-element elementor-element-de4a0d6 e-flex e-con-boxed e-con e-parent\" data-id=\"de4a0d6\" data-element_type=\"container\" data-e-type=\"container\" data-settings=\"{&quot;background_background&quot;:&quot;classic&quot;}\">\n\t\t\t\t\t<div class=\"e-con-inner\">\n\t\t\t\t<div class=\"elementor-element elementor-element-6ce02ce elementor-widget elementor-widget-theme-site-logo elementor-widget-image\" data-id=\"6ce02ce\" data-element_type=\"widget\" data-e-type=\"widget\" data-widget_type=\"theme-site-logo.default\">\n\t\t\t\t\t\t\t\t\t\t\t<a href=\"https:\/\/www.jatunmayo.com\/de\/\">\n\t\t\t<img decoding=\"async\" src=\"https:\/\/www.jatunmayo.com\/wp-content\/uploads\/elementor\/thumbs\/JM_horizontal_color_night-rggpsat8z13ydr01uteamo2ruvhef3ur6vztusu3xw.png\" title=\"Logo Jatun Mayo\" alt=\"Logo Jatun Mayo\" loading=\"lazy\" \/>\t\t\t\t<\/a>\n\t\t\t\t\t\t\t\t\t\t\t<\/div>\n\t\t\t\t\t\t\t<h2 \n\t\tdata-interaction-id=\"06239b7\" \n\t\tclass=\"e-06239b7-36ebf1b e-heading-base\" \n\t\t \n\t\tdata-e-type=\"widget\" data-id=\"06239b7\"\n\t>\n\t\n\t\t\tVielen Dank, dass Sie den ersten Schritt zu Ihrer Reise nach Atacama gemacht haben.\n\t\t<\/h2>\n\t\t\t\t\t\t\t\t<p class=\"e-c600406-dddf9da e-paragraph-base\" data-interaction-id=\"c600406\"  data-e-type=\"widget\" data-id=\"c600406\">\n\t\t\t\t\t\t\t\tWir haben Ihr Formular erfolgreich erhalten. Wir werden Ihre Anfrage nun sorgf\u00e4ltig pr\u00fcfen, um das Erlebnis und das Tempo der Gruppe zu gew\u00e4hrleisten und zu best\u00e4tigen, ob diese Reise gut zu Ihnen passt. \n\t\t\t\t\t<\/p>\n\t\t\t\t\t\t\t\t<p class=\"e-06c8c52-4ebb633 e-paragraph-base\" data-interaction-id=\"06c8c52\"  data-e-type=\"widget\" data-id=\"06c8c52\">\n\t\t\t\t\t\t\t\tWir werden Sie innerhalb von 24\u201348 Stunden per WhatsApp oder telefonisch kontaktieren.\n\t\t\t\t\t<\/p>\n\t\t\t\t\t<\/div>\n\t\t\t\t<\/div>\n\t\t<div class=\"elementor-element elementor-element-c05b349 e-flex e-con-boxed e-con e-parent\" data-id=\"c05b349\" data-element_type=\"container\" data-e-type=\"container\">\n\t\t\t\t\t<div class=\"e-con-inner\">\n\t\t\t\t\t\t\t<h2 \n\t\tdata-interaction-id=\"c6b969c\" \n\t\tclass=\"e-c6b969c-dee1a73 e-heading-base\" \n\t\t \n\t\tdata-e-type=\"widget\" data-id=\"c6b969c\"\n\t>\n\t\n\t\t\tDies ist noch keine verbindliche Zusage f\u00fcr Sie\n\t\t<\/h2>\n\t\t\t\t<div class=\"elementor-element elementor-element-6f292d7 elementor-widget elementor-widget-text-editor\" data-id=\"6f292d7\" data-element_type=\"widget\" data-e-type=\"widget\" data-widget_type=\"text-editor.default\">\n\t\t\t\t\t\t\t\t\t<p style=\"text-align: center;\">Das Ausf\u00fcllen des Formulars sichert Ihnen nicht automatisch einen Platz und verpflichtet Sie nicht zur Buchung. Zuerst pr\u00fcfen wir Ihre Angaben, um die Gruppe zu ber\u00fccksichtigen, Ihren Reisestil zu verstehen und zu sehen, ob diese Erfahrung wirklich zu Ihnen passt. <br data-start=\"5955\" data-end=\"5958\"><strong data-start=\"5958\" data-end=\"6013\">Wir m\u00f6chten, dass Sie mit Klarheit buchen, nicht unter Druck.<\/strong><\/p>\t\t\t\t\t\t\t\t<\/div>\n\t\t\t\t\t<\/div>\n\t\t\t\t<\/div>\n\t\t<div class=\"elementor-element elementor-element-d4391f2 e-flex e-con-boxed e-con e-parent\" data-id=\"d4391f2\" data-element_type=\"container\" data-e-type=\"container\">\n\t\t\t\t\t<div class=\"e-con-inner\">\n\t\t\t\t\t\t\t<h2 \n\t\tdata-interaction-id=\"e20d530\" \n\t\tclass=\"e-e20d530-8d23928 e-heading-base\" \n\t\t \n\t\tdata-e-type=\"widget\" data-id=\"e20d530\"\n\t>\n\t\n\t\t\tWas passiert als N\u00e4chstes?\n\t\t<\/h2>\n\t\t\t\t\t\t\t<h3 \n\t\tdata-interaction-id=\"3836c43\" \n\t\tclass=\"e-3836c43-f2b42b3 e-heading-base\" \n\t\t \n\t\tdata-e-type=\"widget\" data-id=\"3836c43\"\n\t>\n\t\n\t\t\t1. Wir pr\u00fcfen Ihr Formular\n\t\t<\/h3>\n\t\t\t\t<div class=\"elementor-element elementor-element-81eef1f elementor-widget elementor-widget-text-editor\" data-id=\"81eef1f\" data-element_type=\"widget\" data-e-type=\"widget\" data-widget_type=\"text-editor.default\">\n\t\t\t\t\t\t\t\t\t<p style=\"text-align: center;\">Wir lesen es sorgf\u00e4ltig, um Ihr Tempo, Ihre Bed\u00fcrfnisse und Ihre Eignung f\u00fcr das Erlebnis zu verstehen.<\/p>\t\t\t\t\t\t\t\t<\/div>\n\t\t\t\t\t\t\t<h3 \n\t\tdata-interaction-id=\"d7618db\" \n\t\tclass=\"e-d7618db-900c1e9 e-heading-base\" \n\t\t \n\t\tdata-e-type=\"widget\" data-id=\"d7618db\"\n\t>\n\t\n\t\t\t2. Wir kontaktieren Sie\n\t\t<\/h3>\n\t\t\t\t<div class=\"elementor-element elementor-element-0549c1b elementor-widget elementor-widget-text-editor\" data-id=\"0549c1b\" data-element_type=\"widget\" data-e-type=\"widget\" data-widget_type=\"text-editor.default\">\n\t\t\t\t\t\t\t\t\t<p style=\"text-align: center;\">Wir schreiben Ihnen per WhatsApp oder rufen Sie an, um die Verf\u00fcgbarkeit zu best\u00e4tigen und Fragen zu kl\u00e4ren.<\/p>\t\t\t\t\t\t\t\t<\/div>\n\t\t\t\t\t\t\t<h3 \n\t\tdata-interaction-id=\"1d199c5\" \n\t\tclass=\"e-1d199c5-617922e e-heading-base\" \n\t\t \n\t\tdata-e-type=\"widget\" data-id=\"1d199c5\"\n\t>\n\t\n\t\t\t3. Wenn ein Platz frei ist und es passt, geht es weiter\n\t\t<\/h3>\n\t\t\t\t<div class=\"elementor-element elementor-element-4712b42 elementor-widget elementor-widget-text-editor\" data-id=\"4712b42\" data-element_type=\"widget\" data-e-type=\"widget\" data-widget_type=\"text-editor.default\">\n\t\t\t\t\t\t\t\t\t<p style=\"text-align: center;\">Wir senden Ihnen die Schritte zur Buchung und zur Sicherung Ihres Platzes.<\/p>\t\t\t\t\t\t\t\t<\/div>\n\t\t\t\t\t<\/div>\n\t\t\t\t<\/div>\n\t\t<div class=\"elementor-element elementor-element-78f6d71 e-flex e-con-boxed e-con e-parent\" data-id=\"78f6d71\" data-element_type=\"container\" data-e-type=\"container\">\n\t\t\t\t\t<div class=\"e-con-inner\">\n\t\t\t\t\t\t\t<h2 \n\t\tdata-interaction-id=\"5f3c599\" \n\t\tclass=\"e-5f3c599-885acc3 e-heading-base\" \n\t\t \n\t\tdata-e-type=\"widget\" data-id=\"5f3c599\"\n\t>\n\t\n\t\t\tDiese Reise beginnt nicht erst bei Ihrer Ankunft. Sie beginnt schon jetzt. \n\t\t<\/h2>\n\t\t\t\t<div class=\"elementor-element elementor-element-eafb271 elementor-widget elementor-widget-text-editor\" data-id=\"eafb271\" data-element_type=\"widget\" data-e-type=\"widget\" data-widget_type=\"text-editor.default\">\n\t\t\t\t\t\t\t\t\t<p style=\"text-align: center;\">Sie n\u00e4hern sich nicht nur einer weiteren Tour.<\/p><p style=\"text-align: center;\">Sie n\u00e4hern sich einem Erlebnis, das darauf ausgelegt ist, San Pedro mit mehr Ruhe, einem besseren Rhythmus und der Gewissheit zu erleben, dass das Wichtigste bereits gut organisiert ist.<br data-start=\"6656\" data-end=\"6659\">Es geht nicht darum, einem Reiseplan hinterherzujagen. Es geht darum, die Reise gut zu erleben. <\/p>\t\t\t\t\t\t\t\t<\/div>\n\t\t\t\t\t<\/div>\n\t\t\t\t<\/div>\n\t\t<div class=\"elementor-element elementor-element-1b0c45d e-flex e-con-boxed e-con e-parent\" data-id=\"1b0c45d\" data-element_type=\"container\" data-e-type=\"container\">\n\t\t\t\t\t<div class=\"e-con-inner\">\n\t\t\t\t\t\t\t<h2 \n\t\tdata-interaction-id=\"59b57a0\" \n\t\tclass=\"e-59b57a0-2cda05e e-heading-base\" \n\t\t \n\t\tdata-e-type=\"widget\" data-id=\"59b57a0\"\n\t>\n\t\n\t\t\tKurze Zusammenfassung\n\t\t<\/h2>\n\t\t\t\t<div class=\"elementor-element elementor-element-17ebed1 elementor-widget elementor-widget-text-editor\" data-id=\"17ebed1\" data-element_type=\"widget\" data-e-type=\"widget\" data-widget_type=\"text-editor.default\">\n\t\t\t\t\t\t\t\t\t<p style=\"text-align: center;\"><strong data-start=\"6756\" data-end=\"6777\">5 Tage \/ 4 N\u00e4chte<\/strong><br data-start=\"6777\" data-end=\"6780\"><strong data-start=\"6780\" data-end=\"6816\">Kleine Gruppe von 6 bis 12 Personen<\/strong><br data-start=\"6816\" data-end=\"6819\"><strong data-start=\"6819\" data-end=\"6853\">Treffpunkt am Flughafen Calama<\/strong><br data-start=\"6853\" data-end=\"6856\"><strong data-start=\"6856\" data-end=\"6900\">Reise, die f\u00fcr mehr Ruhe konzipiert ist<\/strong><\/p>\t\t\t\t\t\t\t\t<\/div>\n\t\t\t\t\t<\/div>\n\t\t\t\t<\/div>\n\t\t<div class=\"elementor-element elementor-element-d69502c e-flex e-con-boxed e-con e-parent\" data-id=\"d69502c\" data-element_type=\"container\" data-e-type=\"container\">\n\t\t\t\t\t<div class=\"e-con-inner\">\n\t\t\t\t\t\t\t<h2 \n\t\tdata-interaction-id=\"15c6c99\" \n\t\tclass=\"e-15c6c99-710f302 e-heading-base\" \n\t\t \n\t\tdata-e-type=\"widget\" data-id=\"15c6c99\"\n\t>\n\t\n\t\t\tIn der Zwischenzeit k\u00f6nnen Sie Folgendes tun\n\t\t<\/h2>\n\t\t\t\t<div class=\"elementor-element elementor-element-6c1ec25 elementor-widget elementor-widget-text-editor\" data-id=\"6c1ec25\" data-element_type=\"widget\" data-e-type=\"widget\" data-widget_type=\"text-editor.default\">\n\t\t\t\t\t\t\t\t\t<ul><li data-section-id=\"1wxgcyj\" data-start=\"4559\" data-end=\"4602\">Die Reisedetails noch einmal \u00fcberpr\u00fcfen<\/li><li data-section-id=\"ge9dji\" data-start=\"4603\" data-end=\"4640\">Lesen, was enthalten ist und was nicht<\/li><li data-section-id=\"h6em4a\" data-start=\"4641\" data-end=\"4689\">Unsere WhatsApp-Nummer speichern, um auf dem Laufenden zu bleiben<\/li><li data-section-id=\"tff6yw\" data-start=\"4690\" data-end=\"4751\">Alle Fragen vorbereiten, die Sie im Gespr\u00e4ch kl\u00e4ren m\u00f6chten<\/li><\/ul>\t\t\t\t\t\t\t\t<\/div>\n\t\t\t\t<div class=\"elementor-element elementor-element-ffab6d7 elementor-align-center elementor-widget elementor-widget-button\" data-id=\"ffab6d7\" data-element_type=\"widget\" data-e-type=\"widget\" data-widget_type=\"button.default\">\n\t\t\t\t\t\t\t\t\t\t<a class=\"elementor-button elementor-button-link elementor-size-sm\" href=\"https:\/\/www.jatunmayo.com\/de\/kleingruppenreisen\/\">\n\t\t\t\t\t\t<span class=\"elementor-button-content-wrapper\">\n\t\t\t\t\t\t\t\t\t<span class=\"elementor-button-text\">Reisedetails erneut ansehen<\/span>\n\t\t\t\t\t<\/span>\n\t\t\t\t\t<\/a>\n\t\t\t\t\t\t\t\t<\/div>\n\t\t\t\t\t<\/div>\n\t\t\t\t<\/div>\n\t\t<div class=\"elementor-element elementor-element-ecf59de e-flex e-con-boxed e-con e-parent\" data-id=\"ecf59de\" data-element_type=\"container\" data-e-type=\"container\">\n\t\t\t\t\t<div class=\"e-con-inner\">\n\t\t\t\t\t<\/div>\n\t\t\t\t<\/div>\n\t\t\t\t<\/div>\n\t\t","protected":false},"excerpt":{"rendered":"<p>Vielen Dank, dass Sie den ersten Schritt zu Ihrer Reise nach Atacama gemacht haben. Wir haben Ihr Formular erfolgreich erhalten. Wir werden Ihre Anfrage nun sorgf\u00e4ltig pr\u00fcfen, um das Erlebnis und das Tempo der Gruppe zu gew\u00e4hrleisten und zu best\u00e4tigen, ob diese Reise gut zu Ihnen passt. Wir werden Sie innerhalb von 24\u201348 Stunden per [&hellip;]<\/p>\n","protected":false},"author":1,"featured_media":0,"parent":0,"menu_order":0,"comment_status":"closed","ping_status":"closed","template":"","meta":{"footnotes":""},"folder":[],"class_list":["post-3193","page","type-page","status-publish","hentry"],"blocksy_meta":{"disable_header":"yes","disable_footer":"yes","styles_descriptor":{"styles":{"desktop":"","tablet":"","mobile":""},"google_fonts":[],"version":6}},"_links":{"self":[{"href":"https:\/\/www.jatunmayo.com\/de\/wp-json\/wp\/v2\/pages\/3193","targetHints":{"allow":["GET"]}}],"collection":[{"href":"https:\/\/www.jatunmayo.com\/de\/wp-json\/wp\/v2\/pages"}],"about":[{"href":"https:\/\/www.jatunmayo.com\/de\/wp-json\/wp\/v2\/types\/page"}],"author":[{"embeddable":true,"href":"https:\/\/www.jatunmayo.com\/de\/wp-json\/wp\/v2\/users\/1"}],"replies":[{"embeddable":true,"href":"https:\/\/www.jatunmayo.com\/de\/wp-json\/wp\/v2\/comments?post=3193"}],"version-history":[{"count":1,"href":"https:\/\/www.jatunmayo.com\/de\/wp-json\/wp\/v2\/pages\/3193\/revisions"}],"predecessor-version":[{"id":3194,"href":"https:\/\/www.jatunmayo.com\/de\/wp-json\/wp\/v2\/pages\/3193\/revisions\/3194"}],"wp:attachment":[{"href":"https:\/\/www.jatunmayo.com\/de\/wp-json\/wp\/v2\/media?parent=3193"}],"wp:term":[{"taxonomy":"folder","embeddable":true,"href":"https:\/\/www.jatunmayo.com\/de\/wp-json\/wp\/v2\/folder?post=3193"}],"curies":[{"name":"wp","href":"https:\/\/api.w.org\/{rel}","templated":true}]}}